{"id":95,"date":"2022-01-27T10:58:29","date_gmt":"2022-01-27T10:58:29","guid":{"rendered":"http:\/\/cognito.mprinsdesign.nl\/?page_id=95"},"modified":"2026-04-27T13:51:10","modified_gmt":"2026-04-27T13:51:10","slug":"der-komplex","status":"publish","type":"page","link":"https:\/\/carihuela-playa.com\/de\/der-komplex\/","title":{"rendered":"Wohnresort Carihuela Playa"},"content":{"rendered":"<section class=\"wpb-content-wrapper\"><div  class=\"content_row row page-content vc_row wpb_row  default-style fullwidth\" >\n\t\n\t<div class=\"content_row_wrapper  default\" >\n\t<div id=\"asdasd\" class=\"vc_col-sm-12 wpb_column vc_column_container\" >\n\t<div class=\"vc_column-inner\">\n\t\t<div class=\"wpb_wrapper\" >\n\t\t\t<div class=\"rt_heading_wrapper no-style\">\n\t\t\t\t\t\t<h1 class=\"rt_heading  no-style\"  style=\"font-size:24px;margin-top:24px;margin-bottom:0px;\">Playa Carihuela Apartments \u2013 <span class=\"after_h1\">Torremolinos<\/span><\/h1> \n\t\t\t\t\t<\/div><div class=\"vc_empty_space\"   style=\"height: 32px\"><span class=\"vc_empty_space_inner\"><\/span><\/div><div class=\"vc_separator wpb_content_element vc_separator_align_center vc_sep_width_100 vc_sep_style-4 vc_sep_pos_align_center vc_separator_no_text vc_sep_color_grey\" ><span class=\"vc_sep_holder vc_sep_holder_l\"><span class=\"vc_sep_line\"><\/span><\/span><span class=\"vc_sep_holder vc_sep_holder_r\"><span class=\"vc_sep_line\"><\/span><\/span>\n<\/div><div class=\"vc_empty_space\"   style=\"height: 32px\"><span class=\"vc_empty_space_inner\"><\/span><\/div>\n\t<div class=\"wpb_text_column wpb_content_element\" >\n\t\t<div class=\"wpb_wrapper\">\n\t\t\t<div class=\"\" style=\"text-align: center;\">\n<h1 style=\"text-align: left;\"><span style=\"font-weight: 400;\">CARHUELA VORVER\u00d6FFENTLICHUNG<\/span><\/h1>\n<h2 style=\"text-align: left;\"><b>Erstklassige Lage am Meer<\/b><\/h2>\n<p style=\"text-align: left;\"><span style=\"font-weight: 400;\">Liegt an der Avenida Carlota Alessandri, gerade <strong>300 Meter vom Strand entfernt<\/strong> von La Carihuela und nur einen kurzen Spaziergang von der<strong> Puerto Marina Yachthafen<\/strong> Benalm\u00e1dena<\/span><\/p>\n<h2 style=\"text-align: left;\"><b>Historisches Projekt<\/b><\/h2>\n<p style=\"text-align: left;\"><span style=\"font-weight: 400;\">Die \u201eMeli\u00e1-L\u00fccke\u201c wird endlich gef\u00fcllt. <strong>einzigartiger Neubaukomplex<\/strong> von <strong>360 Luxusimmobilien<\/strong> (1 bis 4 Schlafzimmer) auf dem Gel\u00e4nde des legend\u00e4ren ehemaligen Hotels M\u00e9lia \/ Hotel\u00a0<\/span><b><\/b><\/p>\n<h2 style=\"text-align: left;\"><b>Intelligentes Investieren<\/b><\/h2>\n<p style=\"text-align: left;\"><span style=\"font-weight: 400;\">In Anspruch nehmen <strong>Vorverkaufspreise<\/strong> (gesch\u00e4tzt 450.000 \u20ac \u2013 1,6 Mio. \u20ac). Erwartete Wertsteigerung von <strong>20% bis 30%<\/strong> w\u00e4hrend der Bauphase aufgrund der Knappheit an der K\u00fcste<\/span><\/p>\n<h2 style=\"text-align: left;\"><b>Beginnt im Februar\/M\u00e4rz 2026<\/b><\/h2>\n<p style=\"text-align: left;\"><span style=\"font-weight: 400;\">Der <strong>offizieller Verkauf und Pr\u00e4sentation<\/strong> Die Planung der Grundrisse beginnt im Februar\/M\u00e4rz 2026. <a href=\"https:\/\/carihuela-playa.com\/de\/mehr-informationen\/\"><strong>Jetzt registrieren<\/strong><\/a> Melden Sie sich f\u00fcr die Vorverkaufs-Mailingliste an, um als Erster Zugriff auf alle Informationen zu erhalten und die erste Auswahl an verf\u00fcgbaren Wohnungen zu haben.\u00a0<\/span><\/p>\n<\/div>\n<div class=\"\">\n<p>&nbsp;<\/p>\n<\/div>\n\n\t\t<\/div>\n\t<\/div>\n<div class=\"vc_separator wpb_content_element vc_separator_align_center vc_sep_width_100 vc_sep_style-4 vc_sep_pos_align_center vc_separator_no_text vc_sep_color_grey\" ><span class=\"vc_sep_holder vc_sep_holder_l\"><span class=\"vc_sep_line\"><\/span><\/span><span class=\"vc_sep_holder vc_sep_holder_r\"><span class=\"vc_sep_line\"><\/span><\/span>\n<\/div>\n\t<div class=\"wpb_text_column wpb_content_element\" >\n\t\t<div class=\"wpb_wrapper\">\n\t\t\t<div class=\"\" style=\"text-align: center;\">\n<h4><\/h4>\n<h4 style=\"text-align: left;\">Melden Sie sich f\u00fcr die Vorverkaufsliste an<\/h4>\n<ul style=\"text-align: left;\" data-path-to-node=\"27\">\n<li>\n<p data-path-to-node=\"27,0,0\"><b data-path-to-node=\"27,0,0\" data-index-in-node=\"0\">Standort:<\/b> Das allerletzte gro\u00dfe Baugrundst\u00fcck in dieser beliebten Gegend.<\/p>\n<\/li>\n<li>\n<p data-path-to-node=\"27,1,0\"><span data-path-to-node=\"27,1,0,0\"><b data-path-to-node=\"27,1,0,0\" data-index-in-node=\"0\">Preisvorteil:<\/b> Wer in der Vorverkaufsphase dabei ist, kann zu einem wettbewerbsf\u00e4higen Preis einkaufen. <\/span><span data-path-to-node=\"27,1,0,2\"><span class=\"citation-131\">Mit fortschreitender Baut\u00e4tigkeit werden Preiserh\u00f6hungen von 20% auf 30% erwartet.<\/span><\/span><span data-path-to-node=\"27,1,0,4\">.<\/span><\/p>\n<\/li>\n<li>\n<p data-path-to-node=\"27,1,0\"><span data-path-to-node=\"27,2,1,0\"><b data-path-to-node=\"27,2,1,0\" data-index-in-node=\"0\"><span class=\"citation-130\">Angebot:<\/span><\/b><span class=\"citation-130\"> 360 luxuri\u00f6se Apartments mit 1 bis 4 Schlafzimmern<\/span><\/span><span data-path-to-node=\"27,2,1,2\">.<\/span><\/p>\n<\/li>\n<li>\n<p data-path-to-node=\"27,1,0\"><span data-path-to-node=\"27,3,1,0\"><b data-path-to-node=\"27,3,1,0\" data-index-in-node=\"0\"><span class=\"citation-129\">Preise:<\/span><\/b><span class=\"citation-129\"> Erwartet wird ein Betrag zwischen 450.000 \u20ac und 1,6 Millionen \u20ac.<\/span><\/span><span data-path-to-node=\"27,3,1,2\">.<\/span><\/p>\n<div class=\"source-inline-chip-container ng-star-inserted\"><\/div>\n<\/li>\n<\/ul>\n<p style=\"text-align: left;\" data-path-to-node=\"29\"><span data-path-to-node=\"29,0\"><b data-path-to-node=\"29,0\" data-index-in-node=\"0\"><span class=\"citation-128\">Starttermin ist Juni 2026<\/span><\/b><\/span><span data-path-to-node=\"29,2\">Aktuell sind keine Brosch\u00fcren oder Grundrisse verf\u00fcgbar. Sie k\u00f6nnen sich jedoch hier f\u00fcr die <a href=\"https:\/\/carihuela-playa.com\/de\/mehr-informationen\/\">Vorstart-Mailingliste<\/a>Sobald der Entwickler alle Details ver\u00f6ffentlicht hat (voraussichtlich Februar\/M\u00e4rz), senden wir Ihnen die Dokumentation, bevor sie allgemein verf\u00fcgbar ist.<\/span><\/p>\n<p data-path-to-node=\"29\">JETZT F\u00dcR DEN VORVERLAUF-MAILINGLISTE ANMELDEN<br \/>\n<a href=\"https:\/\/carihuela-playa.com\/de\/mehr-informationen\/\"><img decoding=\"async\" class=\"aligncenter wp-image-4453 size-thumbnail\" src=\"https:\/\/carihuela-playa.com\/wp-content\/uploads\/sites\/25\/2026\/01\/pre-launch-button-150x33.jpg\" alt=\"Vorstart-Mailingliste\" width=\"150\" height=\"33\" srcset=\"https:\/\/carihuela-playa.com\/wp-content\/uploads\/sites\/25\/2026\/01\/pre-launch-button-150x33.jpg 150w, https:\/\/carihuela-playa.com\/wp-content\/uploads\/sites\/25\/2026\/01\/pre-launch-button-18x3.jpg 18w\" sizes=\"(max-width: 150px) 100vw, 150px\" \/><\/a><\/p>\n<\/div>\n<div class=\"\">\n<p>&nbsp;<\/p>\n<\/div>\n\n\t\t<\/div>\n\t<\/div>\n<div class=\"vc_separator wpb_content_element vc_separator_align_center vc_sep_width_100 vc_sep_style-4 vc_sep_pos_align_center vc_separator_no_text vc_sep_color_grey\" ><span class=\"vc_sep_holder vc_sep_holder_l\"><span class=\"vc_sep_line\"><\/span><\/span><span class=\"vc_sep_holder vc_sep_holder_r\"><span class=\"vc_sep_line\"><\/span><\/span>\n<\/div>\n\t<div class=\"wpb_text_column wpb_content_element\" >\n\t\t<div class=\"wpb_wrapper\">\n\t\t\t<div class=\"\" style=\"text-align: center;\">\n<p>&nbsp;<\/p>\n<h4 style=\"text-align: left;\"><b>Die Geschichte erwacht zu neuem Leben<\/b><\/h4>\n<\/div>\n<p>Das F\u00fcnf-Sterne-Hotel Meli\u00e1 Tres Carabelas wurde 1962 an der Avenida Carlota Alessandri er\u00f6ffnet.<\/p>\n<div id=\"attachment_4385\" style=\"width: 310px\" class=\"wp-caption aligncenter\"><img fetchpriority=\"high\" decoding=\"async\" aria-describedby=\"caption-attachment-4385\" class=\"wp-image-4385 size-medium\" src=\"https:\/\/carihuela-playa.com\/wp-content\/uploads\/sites\/25\/2026\/01\/Hotel-Tres-Carabelas-Melia-300x236.jpg\" alt=\"Das ehemalige Hotel Tres Carabelas \/ Hotel M\u00e9lia wird zu einem luxuri\u00f6sen Wohnkomplex\" width=\"300\" height=\"236\" srcset=\"https:\/\/carihuela-playa.com\/wp-content\/uploads\/sites\/25\/2026\/01\/Hotel-Tres-Carabelas-Melia-300x236.jpg 300w, https:\/\/carihuela-playa.com\/wp-content\/uploads\/sites\/25\/2026\/01\/Hotel-Tres-Carabelas-Melia-15x12.jpg 15w, https:\/\/carihuela-playa.com\/wp-content\/uploads\/sites\/25\/2026\/01\/Hotel-Tres-Carabelas-Melia.jpg 748w\" sizes=\"(max-width: 300px) 100vw, 300px\" \/><p id=\"caption-attachment-4385\" class=\"wp-caption-text\">1962 \u2013 Hotel M\u00e9lia Tres Carabelas<\/p><\/div>\n<p>&nbsp;<\/p>\n<p>Das F\u00fcnf-Sterne-Hotel wurde zum Aush\u00e4ngeschild der Luxushotels in Torremolinos. 2008 wurde das Meli\u00e1 Tres Carabelas abgerissen; nach vierzig Jahren hatte es ausgedient. Es war Zeit f\u00fcr ein neues Symbol der neuen \u00c4ra: das Hotel Cruiser, ein 22-st\u00f6ckiges Geb\u00e4ude mit sogar einem Hubschrauberlandeplatz. Doch letztendlich kam dieses prestigetr\u00e4chtige Projekt nie \u00fcber die Planungsphase hinaus. Zun\u00e4chst wurde es von der Junta de Andaluc\u00eda nicht genehmigt. Und als der \u00fcberarbeitete Plan schlie\u00dflich doch noch genehmigt wurde, gab der Bautr\u00e4ger das Projekt aufgrund der zu hohen Kosten auf. Zur\u00fcck blieb eine klaffende Baul\u00fccke.<\/p>\n<p style=\"text-align: center;\" data-path-to-node=\"29\">JETZT F\u00dcR DEN VORVERLAUF-MAILINGLISTE ANMELDEN<br \/>\n<a href=\"https:\/\/carihuela-playa.com\/de\/mehr-informationen\/\"><img decoding=\"async\" class=\"aligncenter wp-image-4453 size-thumbnail\" src=\"https:\/\/carihuela-playa.com\/wp-content\/uploads\/sites\/25\/2026\/01\/pre-launch-button-150x33.jpg\" alt=\"Vorstart-Mailingliste\" width=\"150\" height=\"33\" srcset=\"https:\/\/carihuela-playa.com\/wp-content\/uploads\/sites\/25\/2026\/01\/pre-launch-button-150x33.jpg 150w, https:\/\/carihuela-playa.com\/wp-content\/uploads\/sites\/25\/2026\/01\/pre-launch-button-18x3.jpg 18w\" sizes=\"(max-width: 150px) 100vw, 150px\" \/><\/a><\/p>\n\n\t\t<\/div>\n\t<\/div>\n<div class=\"vc_separator wpb_content_element vc_separator_align_center vc_sep_width_100 vc_sep_style-1 vc_sep_pos_align_center vc_separator_no_text vc_sep_color_grey\" ><span class=\"vc_sep_holder vc_sep_holder_l\"><span class=\"vc_sep_line\"><\/span><\/span><span class=\"vc_sep_holder vc_sep_holder_r\"><span class=\"vc_sep_line\"><\/span><\/span>\n<\/div>\n\t<div class=\"wpb_text_column wpb_content_element\" >\n\t\t<div class=\"wpb_wrapper\">\n\t\t\t<div id=\"attachment_4423\" style=\"width: 310px\" class=\"wp-caption aligncenter\"><img decoding=\"async\" aria-describedby=\"caption-attachment-4423\" class=\"wp-image-4423 size-medium\" src=\"https:\/\/carihuela-playa.com\/wp-content\/uploads\/sites\/25\/2026\/01\/carihuela-playa-resort-visual-300x200.png\" alt=\"Carihuela Playa Resort - Eindruck\" width=\"300\" height=\"200\" srcset=\"https:\/\/carihuela-playa.com\/wp-content\/uploads\/sites\/25\/2026\/01\/carihuela-playa-resort-visual-300x200.png 300w, https:\/\/carihuela-playa.com\/wp-content\/uploads\/sites\/25\/2026\/01\/carihuela-playa-resort-visual-1024x683.png 1024w, https:\/\/carihuela-playa.com\/wp-content\/uploads\/sites\/25\/2026\/01\/carihuela-playa-resort-visual-768x512.png 768w, https:\/\/carihuela-playa.com\/wp-content\/uploads\/sites\/25\/2026\/01\/carihuela-playa-resort-visual-18x12.png 18w, https:\/\/carihuela-playa.com\/wp-content\/uploads\/sites\/25\/2026\/01\/carihuela-playa-resort-visual.png 1536w\" sizes=\"(max-width: 300px) 100vw, 300px\" \/><p id=\"caption-attachment-4423\" class=\"wp-caption-text\">Eindruck vom neuen Carihuela Playa Resort<\/p><\/div>\n\n\t\t<\/div>\n\t<\/div>\n\n\t\t<\/div>\n\t<\/div>\n\t<\/div>\n\n<\/div>\n<\/div>\n\n<div  class=\"content_row row page-content vc_row wpb_row  default-style fullwidth\" style=\"background-color: #bbac8c;\">\n\t\n\t<div class=\"content_row_wrapper  default\" >\n\t<div id=\"asdasd\" class=\"vc_col-sm-12 wpb_column vc_column_container\" >\n\t<div class=\"vc_column-inner\">\n\t\t<div class=\"wpb_wrapper\" >\n\t\t\t<div class=\"rt_heading_wrapper no-style\">\n\t\t\t\t\t\t<h1 class=\"rt_heading  no-style\"  style=\"font-size:24px;margin-top:24px;margin-bottom:0px;\">Vor dem Verkaufsstart \u2013 <span class=\"after_h1 white\">Carihuela Playa Resort<\/span><\/h1> \n\t\t\t\t\t<\/div><div class=\"vc_empty_space\"   style=\"height: 32px\"><span class=\"vc_empty_space_inner\"><\/span><\/div><div class=\"vc_separator wpb_content_element vc_separator_align_center vc_sep_width_100 vc_sep_style-4 vc_sep_pos_align_center vc_separator_no_text vc_sep_color_grey\" ><span class=\"vc_sep_holder vc_sep_holder_l\"><span class=\"vc_sep_line\"><\/span><\/span><span class=\"vc_sep_holder vc_sep_holder_r\"><span class=\"vc_sep_line\"><\/span><\/span>\n<\/div>\n\t<div class=\"wpb_text_column wpb_content_element\" >\n\t\t<div class=\"wpb_wrapper\">\n\t\t\t\t \n\t\t<div  class=\"bullet-list style-1  check\">\n\t\t<ul>\n<li><strong>Sehr exklusives und luxuri\u00f6ses Wohnresort in einzigartiger Lage<\/strong><\/li>\n<li><strong>JETZT \u2013 Exklusive Vorverkaufsphase<\/strong><\/li>\n<li><strong>Markteinf\u00fchrung im Februar 2026 \u2013 jetzt erste Wahl<\/strong><\/li>\n<li><strong>Preisangabe: 450.000 \u20ac bis 1,6 Millionen \u20ac\u00a0<\/strong><\/li>\n<li><b>Intelligente Investition \u2013 Knappheit f\u00fchrt w\u00e4hrend der Bauphase zu hohem Wertzuwachs.<\/b><\/li>\n<li><b>Erstklassige Lage, 300 Meter vom Meer entfernt<\/b><\/li>\n<li><strong>Nur wenige Gehminuten von Puerto Marina Benalm\u00e1dena entfernt<\/strong><\/li>\n<\/ul>\n\n\t\t<\/div>\n\t\n\n\t\t<\/div>\n\t<\/div>\n\n\t\t<\/div>\n\t<\/div>\n\t<\/div>\n\n<\/div>\n<\/div>\n\n<div  class=\"content_row row quote-row vc_row wpb_row  default-style fullwidth\" style=\"background-color: #fcfcfc;\">\n\t\n\t<div class=\"content_row_wrapper  fullwidth\" >\n\t<div id=\"asdasd\" class=\"vc_col-sm-12 wpb_column vc_column_container vc_custom_1644925648982\" >\n\t<div class=\"vc_column-inner\">\n\t\t<div class=\"wpb_wrapper\" >\n\t\t\t<div class=\"rt_heading_wrapper style-3\">\n\t\t\t\t\t\t<h4 class=\"rt_heading serif quote-max-width style-3\" >Jetzt f\u00fcr die Vorverkaufsliste anmelden <a href=\"https:\/\/carihuela-playa.com\/de\/mehr-informationen\/\">Abonnieren Sie die Mailingliste<\/a><\/h4> \n\t\t\t\t\t<\/div>\n\t\t<\/div>\n\t<\/div>\n\t<\/div>\n\n<\/div>\n<\/div>\n\n<div  class=\"content_row row vc_row wpb_row  default-style fullwidth\" >\n\t\n\t<div class=\"content_row_wrapper  default\" >\n\t<div id=\"asdasd\" class=\"vc_col-sm-12 wpb_column vc_column_container\" >\n\t<div class=\"vc_column-inner\">\n\t\t<div class=\"wpb_wrapper\" >\n\t\t\t<div class=\"button_wrapper aligncenter\"><a  href=\"\/de\/mehr-informationen\/\" target=\"_self\" title=\"&gt; mehr Infos\" class=\"button_  style-2 small\">&gt; mehr Infos<\/a><\/div>\n\t\t<\/div>\n\t<\/div>\n\t<\/div>\n\n<\/div>\n<\/div>\n<\/section>","protected":false},"excerpt":{"rendered":"<p>\u2026 <a class=\"more-link\" href=\"https:\/\/carihuela-playa.com\/de\/der-komplex\/\">Weiterlesen<\/a><\/p>","protected":false},"author":1,"featured_media":4395,"parent":0,"menu_order":3,"comment_status":"closed","ping_status":"closed","template":"","meta":{"footnotes":""},"class_list":["post-95","page","type-page","status-publish","has-post-thumbnail","hentry"],"yoast_head":"<!-- This site is optimized with the Yoast SEO plugin v26.0 - https:\/\/yoast.com\/wordpress\/plugins\/seo\/ -->\n<title>Carihuela Playa Woonresort - Playa Carihuela Appartmenten<\/title>\n<meta name=\"robots\" content=\"index, follow, max-snippet:-1, max-image-preview:large, max-video-preview:-1\" \/>\n<link rel=\"canonical\" href=\"https:\/\/carihuela-playa.com\/de\/der-komplex\/\" \/>\n<meta property=\"og:locale\" content=\"de_DE\" \/>\n<meta property=\"og:type\" content=\"article\" \/>\n<meta property=\"og:title\" content=\"Carihuela Playa Woonresort - Playa Carihuela Appartmenten\" \/>\n<meta property=\"og:url\" content=\"https:\/\/carihuela-playa.com\/de\/der-komplex\/\" \/>\n<meta property=\"og:site_name\" content=\"Playa Carihuela Appartmenten\" \/>\n<meta property=\"article:modified_time\" content=\"2026-04-27T13:51:10+00:00\" \/>\n<meta property=\"og:image\" content=\"https:\/\/carihuela-playa.com\/wp-content\/uploads\/sites\/25\/2026\/01\/carihuela-playa-resort-torremolinos-header2.jpg\" \/>\n\t<meta property=\"og:image:width\" content=\"1596\" \/>\n\t<meta property=\"og:image:height\" content=\"679\" \/>\n\t<meta property=\"og:image:type\" content=\"image\/jpeg\" \/>\n<meta name=\"twitter:card\" content=\"summary_large_image\" \/>\n<meta name=\"twitter:label1\" content=\"Gesch\u00e4tzte Lesezeit\" \/>\n\t<meta name=\"twitter:data1\" content=\"5\u00a0Minuten\" \/>\n<script type=\"application\/ld+json\" class=\"yoast-schema-graph\">{\"@context\":\"https:\/\/schema.org\",\"@graph\":[{\"@type\":\"WebPage\",\"@id\":\"https:\/\/carihuela-playa.com\/het-complex\/\",\"url\":\"https:\/\/carihuela-playa.com\/het-complex\/\",\"name\":\"Carihuela Playa Woonresort - Playa Carihuela Appartmenten\",\"isPartOf\":{\"@id\":\"https:\/\/carihuela-playa.com\/#website\"},\"primaryImageOfPage\":{\"@id\":\"https:\/\/carihuela-playa.com\/het-complex\/#primaryimage\"},\"image\":{\"@id\":\"https:\/\/carihuela-playa.com\/het-complex\/#primaryimage\"},\"thumbnailUrl\":\"https:\/\/carihuela-playa.com\/wp-content\/uploads\/sites\/25\/2026\/01\/carihuela-playa-resort-torremolinos-header2.jpg\",\"datePublished\":\"2022-01-27T10:58:29+00:00\",\"dateModified\":\"2026-04-27T13:51:10+00:00\",\"breadcrumb\":{\"@id\":\"https:\/\/carihuela-playa.com\/het-complex\/#breadcrumb\"},\"inLanguage\":\"de\",\"potentialAction\":[{\"@type\":\"ReadAction\",\"target\":[\"https:\/\/carihuela-playa.com\/het-complex\/\"]}]},{\"@type\":\"ImageObject\",\"inLanguage\":\"de\",\"@id\":\"https:\/\/carihuela-playa.com\/het-complex\/#primaryimage\",\"url\":\"https:\/\/carihuela-playa.com\/wp-content\/uploads\/sites\/25\/2026\/01\/carihuela-playa-resort-torremolinos-header2.jpg\",\"contentUrl\":\"https:\/\/carihuela-playa.com\/wp-content\/uploads\/sites\/25\/2026\/01\/carihuela-playa-resort-torremolinos-header2.jpg\",\"width\":1596,\"height\":679,\"caption\":\"Newbuild - Torremolinos - Carihuela Playa\"},{\"@type\":\"BreadcrumbList\",\"@id\":\"https:\/\/carihuela-playa.com\/het-complex\/#breadcrumb\",\"itemListElement\":[{\"@type\":\"ListItem\",\"position\":1,\"name\":\"Home\",\"item\":\"https:\/\/carihuela-playa.com\/\"},{\"@type\":\"ListItem\",\"position\":2,\"name\":\"Carihuela Playa Woonresort\"}]},{\"@type\":\"WebSite\",\"@id\":\"https:\/\/carihuela-playa.com\/#website\",\"url\":\"https:\/\/carihuela-playa.com\/\",\"name\":\"Playa Carihuela Appartmenten\",\"description\":\"Pre-Launch - Carihuela Playa - toplocatie Torremolinos\",\"potentialAction\":[{\"@type\":\"SearchAction\",\"target\":{\"@type\":\"EntryPoint\",\"urlTemplate\":\"https:\/\/carihuela-playa.com\/?s={search_term_string}\"},\"query-input\":{\"@type\":\"PropertyValueSpecification\",\"valueRequired\":true,\"valueName\":\"search_term_string\"}}],\"inLanguage\":\"de\"}]}<\/script>\n<!-- \/ Yoast SEO plugin. -->","yoast_head_json":{"title":"Carihuela Playa Residential Resort - Playa Carihuela Apartments","robots":{"index":"index","follow":"follow","max-snippet":"max-snippet:-1","max-image-preview":"max-image-preview:large","max-video-preview":"max-video-preview:-1"},"canonical":"https:\/\/carihuela-playa.com\/de\/der-komplex\/","og_locale":"de_DE","og_type":"article","og_title":"Carihuela Playa Woonresort - Playa Carihuela Appartmenten","og_url":"https:\/\/carihuela-playa.com\/de\/der-komplex\/","og_site_name":"Playa Carihuela Appartmenten","article_modified_time":"2026-04-27T13:51:10+00:00","og_image":[{"width":1596,"height":679,"url":"https:\/\/carihuela-playa.com\/wp-content\/uploads\/sites\/25\/2026\/01\/carihuela-playa-resort-torremolinos-header2.jpg","type":"image\/jpeg"}],"twitter_card":"summary_large_image","twitter_misc":{"Gesch\u00e4tzte Lesezeit":"5\u00a0Minuten"},"schema":{"@context":"https:\/\/schema.org","@graph":[{"@type":"WebPage","@id":"https:\/\/carihuela-playa.com\/het-complex\/","url":"https:\/\/carihuela-playa.com\/het-complex\/","name":"Carihuela Playa Residential Resort - Playa Carihuela Apartments","isPartOf":{"@id":"https:\/\/carihuela-playa.com\/#website"},"primaryImageOfPage":{"@id":"https:\/\/carihuela-playa.com\/het-complex\/#primaryimage"},"image":{"@id":"https:\/\/carihuela-playa.com\/het-complex\/#primaryimage"},"thumbnailUrl":"https:\/\/carihuela-playa.com\/wp-content\/uploads\/sites\/25\/2026\/01\/carihuela-playa-resort-torremolinos-header2.jpg","datePublished":"2022-01-27T10:58:29+00:00","dateModified":"2026-04-27T13:51:10+00:00","breadcrumb":{"@id":"https:\/\/carihuela-playa.com\/het-complex\/#breadcrumb"},"inLanguage":"de","potentialAction":[{"@type":"ReadAction","target":["https:\/\/carihuela-playa.com\/het-complex\/"]}]},{"@type":"ImageObject","inLanguage":"de","@id":"https:\/\/carihuela-playa.com\/het-complex\/#primaryimage","url":"https:\/\/carihuela-playa.com\/wp-content\/uploads\/sites\/25\/2026\/01\/carihuela-playa-resort-torremolinos-header2.jpg","contentUrl":"https:\/\/carihuela-playa.com\/wp-content\/uploads\/sites\/25\/2026\/01\/carihuela-playa-resort-torremolinos-header2.jpg","width":1596,"height":679,"caption":"Newbuild - Torremolinos - Carihuela Playa"},{"@type":"BreadcrumbList","@id":"https:\/\/carihuela-playa.com\/het-complex\/#breadcrumb","itemListElement":[{"@type":"ListItem","position":1,"name":"Home","item":"https:\/\/carihuela-playa.com\/"},{"@type":"ListItem","position":2,"name":"Carihuela Playa Woonresort"}]},{"@type":"WebSite","@id":"https:\/\/carihuela-playa.com\/#website","url":"https:\/\/carihuela-playa.com\/","name":"Playa Carihuela Apartments","description":"Vorverkaufsstart \u2013 Carihuela Playa \u2013 Top-Lage in Torremolinos","potentialAction":[{"@type":"SearchAction","target":{"@type":"EntryPoint","urlTemplate":"https:\/\/carihuela-playa.com\/?s={search_term_string}"},"query-input":{"@type":"PropertyValueSpecification","valueRequired":true,"valueName":"search_term_string"}}],"inLanguage":"de"}]}},"_links":{"self":[{"href":"https:\/\/carihuela-playa.com\/de\/wp-json\/wp\/v2\/pages\/95","targetHints":{"allow":["GET"]}}],"collection":[{"href":"https:\/\/carihuela-playa.com\/de\/wp-json\/wp\/v2\/pages"}],"about":[{"href":"https:\/\/carihuela-playa.com\/de\/wp-json\/wp\/v2\/types\/page"}],"author":[{"embeddable":true,"href":"https:\/\/carihuela-playa.com\/de\/wp-json\/wp\/v2\/users\/1"}],"replies":[{"embeddable":true,"href":"https:\/\/carihuela-playa.com\/de\/wp-json\/wp\/v2\/comments?post=95"}],"version-history":[{"count":70,"href":"https:\/\/carihuela-playa.com\/de\/wp-json\/wp\/v2\/pages\/95\/revisions"}],"predecessor-version":[{"id":4476,"href":"https:\/\/carihuela-playa.com\/de\/wp-json\/wp\/v2\/pages\/95\/revisions\/4476"}],"wp:featuredmedia":[{"embeddable":true,"href":"https:\/\/carihuela-playa.com\/de\/wp-json\/wp\/v2\/media\/4395"}],"wp:attachment":[{"href":"https:\/\/carihuela-playa.com\/de\/wp-json\/wp\/v2\/media?parent=95"}],"curies":[{"name":"wp","href":"https:\/\/api.w.org\/{rel}","templated":true}]}}