{"id":95,"date":"2022-01-27T10:58:29","date_gmt":"2022-01-27T10:58:29","guid":{"rendered":"http:\/\/cognito.mprinsdesign.nl\/?page_id=95"},"modified":"2026-04-27T13:51:10","modified_gmt":"2026-04-27T13:51:10","slug":"el-complejo","status":"publish","type":"page","link":"https:\/\/carihuela-playa.com\/es\/el-complejo\/","title":{"rendered":"Complejo Residencial Carihuela Playa"},"content":{"rendered":"<section class=\"wpb-content-wrapper\"><div  class=\"content_row row page-content vc_row wpb_row  default-style fullwidth\" >\n\t\n\t<div class=\"content_row_wrapper  default\" >\n\t<div id=\"asdasd\" class=\"vc_col-sm-12 wpb_column vc_column_container\" >\n\t<div class=\"vc_column-inner\">\n\t\t<div class=\"wpb_wrapper\" >\n\t\t\t<div class=\"rt_heading_wrapper no-style\">\n\t\t\t\t\t\t<h1 class=\"rt_heading  no-style\"  style=\"font-size:24px;margin-top:24px;margin-bottom:0px;\">Apartamentos Playa Carihuela \u2013 <span class=\"after_h1\">Torremolinos<\/span><\/h1> \n\t\t\t\t\t<\/div><div class=\"vc_empty_space\"   style=\"height: 32px\"><span class=\"vc_empty_space_inner\"><\/span><\/div><div class=\"vc_separator wpb_content_element vc_separator_align_center vc_sep_width_100 vc_sep_style-4 vc_sep_pos_align_center vc_separator_no_text vc_sep_color_grey\" ><span class=\"vc_sep_holder vc_sep_holder_l\"><span class=\"vc_sep_line\"><\/span><\/span><span class=\"vc_sep_holder vc_sep_holder_r\"><span class=\"vc_sep_line\"><\/span><\/span>\n<\/div><div class=\"vc_empty_space\"   style=\"height: 32px\"><span class=\"vc_empty_space_inner\"><\/span><\/div>\n\t<div class=\"wpb_text_column wpb_content_element\" >\n\t\t<div class=\"wpb_wrapper\">\n\t\t\t<div class=\"\" style=\"text-align: center;\">\n<h1 style=\"text-align: left;\"><span style=\"font-weight: 400;\">PRELANZAMIENTO CARHUELA<\/span><\/h1>\n<h2 style=\"text-align: left;\"><b>Ubicaci\u00f3n privilegiada junto al mar<\/b><\/h2>\n<p style=\"text-align: left;\"><span style=\"font-weight: 400;\">Ubicado en Avenida Carlota Alessandri, justo <strong>A 300 metros de la playa<\/strong> de La Carihuela y a un corto paseo de la<strong> Puerto deportivo Puerto Marina<\/strong> Benalm\u00e1dena<\/span><\/p>\n<h2 style=\"text-align: left;\"><b>Proyecto Hist\u00f3rico<\/b><\/h2>\n<p style=\"text-align: left;\"><span style=\"font-weight: 400;\">El &#039;vac\u00edo de Meli\u00e1&#039; finalmente se est\u00e1 llenando. A <strong>complejo \u00fanico de nueva construcci\u00f3n<\/strong> por <strong>360 casas de lujo<\/strong> (1 a 4 dormitorios) en el sitio del ic\u00f3nico antiguo hotel M\u00e9lia \/ hotel\u00a0<\/span><b><\/b><\/p>\n<h2 style=\"text-align: left;\"><b>Inversi\u00f3n inteligente<\/b><\/h2>\n<p style=\"text-align: left;\"><span style=\"font-weight: 400;\">Aprovechar <strong>precios de prelanzamiento<\/strong> (estimado entre 450.000 y 1,6 millones de euros). Se espera un aumento del valor de <strong>20% a 30%<\/strong> durante la fase de construcci\u00f3n debido a la escasez en la costa<\/span><\/p>\n<h2 style=\"text-align: left;\"><b>Comienza en febrero\/marzo de 2026<\/b><\/h2>\n<p style=\"text-align: left;\"><span style=\"font-weight: 400;\">El <strong>Venta y presentaci\u00f3n oficial<\/strong> La construcci\u00f3n de los planos de planta comienza en febrero\/marzo de 2026. <a href=\"https:\/\/carihuela-playa.com\/es\/mas-informacion\/\"><strong>Reg\u00edstrate ahora<\/strong><\/a> para la lista de correo previa al lanzamiento, para que tenga acceso primero a toda la informaci\u00f3n y sea el primero en elegir los apartamentos disponibles.\u00a0<\/span><\/p>\n<\/div>\n<div class=\"\">\n<p>&nbsp;<\/p>\n<\/div>\n\n\t\t<\/div>\n\t<\/div>\n<div class=\"vc_separator wpb_content_element vc_separator_align_center vc_sep_width_100 vc_sep_style-4 vc_sep_pos_align_center vc_separator_no_text vc_sep_color_grey\" ><span class=\"vc_sep_holder vc_sep_holder_l\"><span class=\"vc_sep_line\"><\/span><\/span><span class=\"vc_sep_holder vc_sep_holder_r\"><span class=\"vc_sep_line\"><\/span><\/span>\n<\/div>\n\t<div class=\"wpb_text_column wpb_content_element\" >\n\t\t<div class=\"wpb_wrapper\">\n\t\t\t<div class=\"\" style=\"text-align: center;\">\n<h4><\/h4>\n<h4 style=\"text-align: left;\">Reg\u00edstrate en la lista de prelanzamiento<\/h4>\n<ul style=\"text-align: left;\" data-path-to-node=\"27\">\n<li>\n<p data-path-to-node=\"27,0,0\"><b data-path-to-node=\"27,0,0\" data-index-in-node=\"0\">Ubicaci\u00f3n:<\/b> El \u00faltimo gran terreno edificable en esta popular zona.<\/p>\n<\/li>\n<li>\n<p data-path-to-node=\"27,1,0\"><span data-path-to-node=\"27,1,0,0\"><b data-path-to-node=\"27,1,0,0\" data-index-in-node=\"0\">Ventaja de precio:<\/b> Entrar en la fase de prelanzamiento significa comprar a un precio competitivo. <\/span><span data-path-to-node=\"27,1,0,2\"><span class=\"citation-131\">A medida que avanza la construcci\u00f3n, se esperan aumentos de precios de 20% a 30%<\/span><\/span><span data-path-to-node=\"27,1,0,4\">.<\/span><\/p>\n<\/li>\n<li>\n<p data-path-to-node=\"27,1,0\"><span data-path-to-node=\"27,2,1,0\"><b data-path-to-node=\"27,2,1,0\" data-index-in-node=\"0\"><span class=\"citation-130\">Oferta:<\/span><\/b><span class=\"citation-130\"> 360 apartamentos de lujo de 1 a 4 dormitorios<\/span><\/span><span data-path-to-node=\"27,2,1,2\">.<\/span><\/p>\n<\/li>\n<li>\n<p data-path-to-node=\"27,1,0\"><span data-path-to-node=\"27,3,1,0\"><b data-path-to-node=\"27,3,1,0\" data-index-in-node=\"0\"><span class=\"citation-129\">Precios:<\/span><\/b><span class=\"citation-129\"> Se espera entre 450.000 y 1,6 millones de euros<\/span><\/span><span data-path-to-node=\"27,3,1,2\">.<\/span><\/p>\n<div class=\"source-inline-chip-container ng-star-inserted\"><\/div>\n<\/li>\n<\/ul>\n<p style=\"text-align: left;\" data-path-to-node=\"29\"><span data-path-to-node=\"29,0\"><b data-path-to-node=\"29,0\" data-index-in-node=\"0\"><span class=\"citation-128\">El lanzamiento comienza en junio de 2026.<\/span><\/b><\/span><span data-path-to-node=\"29,2\">Actualmente no hay folletos ni planos disponibles. Sin embargo, puede registrarse aqu\u00ed para obtener... <a href=\"https:\/\/carihuela-playa.com\/es\/mas-informacion\/\">Lista de correo de prelanzamiento<\/a>Tan pronto como el desarrollador publique todos los detalles (previsto para febrero\/marzo), le enviaremos la documentaci\u00f3n antes de que est\u00e9 ampliamente disponible.<\/span><\/p>\n<p data-path-to-node=\"29\">\u00daNETE A LA LISTA DE CORREO DE PRELANZAMIENTO<br \/>\n<a href=\"https:\/\/carihuela-playa.com\/es\/mas-informacion\/\"><img decoding=\"async\" class=\"aligncenter wp-image-4453 size-thumbnail\" src=\"https:\/\/carihuela-playa.com\/wp-content\/uploads\/sites\/25\/2026\/01\/pre-launch-button-150x33.jpg\" alt=\"lista de correo previa al lanzamiento\" width=\"150\" height=\"33\" srcset=\"https:\/\/carihuela-playa.com\/wp-content\/uploads\/sites\/25\/2026\/01\/pre-launch-button-150x33.jpg 150w, https:\/\/carihuela-playa.com\/wp-content\/uploads\/sites\/25\/2026\/01\/pre-launch-button-18x3.jpg 18w\" sizes=\"(max-width: 150px) 100vw, 150px\" \/><\/a><\/p>\n<\/div>\n<div class=\"\">\n<p>&nbsp;<\/p>\n<\/div>\n\n\t\t<\/div>\n\t<\/div>\n<div class=\"vc_separator wpb_content_element vc_separator_align_center vc_sep_width_100 vc_sep_style-4 vc_sep_pos_align_center vc_separator_no_text vc_sep_color_grey\" ><span class=\"vc_sep_holder vc_sep_holder_l\"><span class=\"vc_sep_line\"><\/span><\/span><span class=\"vc_sep_holder vc_sep_holder_r\"><span class=\"vc_sep_line\"><\/span><\/span>\n<\/div>\n\t<div class=\"wpb_text_column wpb_content_element\" >\n\t\t<div class=\"wpb_wrapper\">\n\t\t\t<div class=\"\" style=\"text-align: center;\">\n<p>&nbsp;<\/p>\n<h4 style=\"text-align: left;\"><b>La historia cobra nueva vida<\/b><\/h4>\n<\/div>\n<p>El Hotel Meli\u00e1 Tres Carabelas de cinco estrellas abri\u00f3 sus puertas en 1962 en un solar de la Avenida Carlota Alessandri.<\/p>\n<div id=\"attachment_4385\" style=\"width: 310px\" class=\"wp-caption aligncenter\"><img fetchpriority=\"high\" decoding=\"async\" aria-describedby=\"caption-attachment-4385\" class=\"wp-image-4385 size-medium\" src=\"https:\/\/carihuela-playa.com\/wp-content\/uploads\/sites\/25\/2026\/01\/Hotel-Tres-Carabelas-Melia-300x236.jpg\" alt=\"El antiguo Hotel Tres Carabelas \/ Hotel M\u00e9lia se convierte en un complejo residencial de lujo\" width=\"300\" height=\"236\" srcset=\"https:\/\/carihuela-playa.com\/wp-content\/uploads\/sites\/25\/2026\/01\/Hotel-Tres-Carabelas-Melia-300x236.jpg 300w, https:\/\/carihuela-playa.com\/wp-content\/uploads\/sites\/25\/2026\/01\/Hotel-Tres-Carabelas-Melia-15x12.jpg 15w, https:\/\/carihuela-playa.com\/wp-content\/uploads\/sites\/25\/2026\/01\/Hotel-Tres-Carabelas-Melia.jpg 748w\" sizes=\"(max-width: 300px) 100vw, 300px\" \/><p id=\"caption-attachment-4385\" class=\"wp-caption-text\">1962 \u2013 Hotel M\u00e9lia Tres Carabelas<\/p><\/div>\n<p>&nbsp;<\/p>\n<p>El hotel de cinco estrellas se convirti\u00f3 en el s\u00edmbolo de los hoteles de ultralujo en Torremolinos. En 2008, el Meli\u00e1 Tres Carabelas fue demolido; tras cuarenta a\u00f1os, hab\u00eda llegado su hora. Era hora de un nuevo s\u00edmbolo para la nueva era. Un nuevo hotel llamado Hotel Cruiser, un edificio de 22 plantas con incluso helipuerto. Pero finalmente, este prestigioso proyecto nunca pas\u00f3 de la fase de planificaci\u00f3n. Inicialmente, no fue aprobado por la Junta de Andaluc\u00eda. Y para cuando se aprob\u00f3 el plan revisado, la promotora lo abandon\u00f3 debido a los costes excesivos. Lo que qued\u00f3 fue un enorme vac\u00edo.<\/p>\n<p style=\"text-align: center;\" data-path-to-node=\"29\">\u00daNETE A LA LISTA DE CORREO DE PRELANZAMIENTO<br \/>\n<a href=\"https:\/\/carihuela-playa.com\/es\/mas-informacion\/\"><img decoding=\"async\" class=\"aligncenter wp-image-4453 size-thumbnail\" src=\"https:\/\/carihuela-playa.com\/wp-content\/uploads\/sites\/25\/2026\/01\/pre-launch-button-150x33.jpg\" alt=\"lista de correo previa al lanzamiento\" width=\"150\" height=\"33\" srcset=\"https:\/\/carihuela-playa.com\/wp-content\/uploads\/sites\/25\/2026\/01\/pre-launch-button-150x33.jpg 150w, https:\/\/carihuela-playa.com\/wp-content\/uploads\/sites\/25\/2026\/01\/pre-launch-button-18x3.jpg 18w\" sizes=\"(max-width: 150px) 100vw, 150px\" \/><\/a><\/p>\n\n\t\t<\/div>\n\t<\/div>\n<div class=\"vc_separator wpb_content_element vc_separator_align_center vc_sep_width_100 vc_sep_style-1 vc_sep_pos_align_center vc_separator_no_text vc_sep_color_grey\" ><span class=\"vc_sep_holder vc_sep_holder_l\"><span class=\"vc_sep_line\"><\/span><\/span><span class=\"vc_sep_holder vc_sep_holder_r\"><span class=\"vc_sep_line\"><\/span><\/span>\n<\/div>\n\t<div class=\"wpb_text_column wpb_content_element\" >\n\t\t<div class=\"wpb_wrapper\">\n\t\t\t<div id=\"attachment_4423\" style=\"width: 310px\" class=\"wp-caption aligncenter\"><img decoding=\"async\" aria-describedby=\"caption-attachment-4423\" class=\"wp-image-4423 size-medium\" src=\"https:\/\/carihuela-playa.com\/wp-content\/uploads\/sites\/25\/2026\/01\/carihuela-playa-resort-visual-300x200.png\" alt=\"Carihuela Playa Resort - impresi\u00f3n\" width=\"300\" height=\"200\" srcset=\"https:\/\/carihuela-playa.com\/wp-content\/uploads\/sites\/25\/2026\/01\/carihuela-playa-resort-visual-300x200.png 300w, https:\/\/carihuela-playa.com\/wp-content\/uploads\/sites\/25\/2026\/01\/carihuela-playa-resort-visual-1024x683.png 1024w, https:\/\/carihuela-playa.com\/wp-content\/uploads\/sites\/25\/2026\/01\/carihuela-playa-resort-visual-768x512.png 768w, https:\/\/carihuela-playa.com\/wp-content\/uploads\/sites\/25\/2026\/01\/carihuela-playa-resort-visual-18x12.png 18w, https:\/\/carihuela-playa.com\/wp-content\/uploads\/sites\/25\/2026\/01\/carihuela-playa-resort-visual.png 1536w\" sizes=\"(max-width: 300px) 100vw, 300px\" \/><p id=\"caption-attachment-4423\" class=\"wp-caption-text\">Impresi\u00f3n del nuevo Carihuela Playa Resort<\/p><\/div>\n\n\t\t<\/div>\n\t<\/div>\n\n\t\t<\/div>\n\t<\/div>\n\t<\/div>\n\n<\/div>\n<\/div>\n\n<div  class=\"content_row row page-content vc_row wpb_row  default-style fullwidth\" style=\"background-color: #bbac8c;\">\n\t\n\t<div class=\"content_row_wrapper  default\" >\n\t<div id=\"asdasd\" class=\"vc_col-sm-12 wpb_column vc_column_container\" >\n\t<div class=\"vc_column-inner\">\n\t\t<div class=\"wpb_wrapper\" >\n\t\t\t<div class=\"rt_heading_wrapper no-style\">\n\t\t\t\t\t\t<h1 class=\"rt_heading  no-style\"  style=\"font-size:24px;margin-top:24px;margin-bottom:0px;\">Prelanzamiento \u2013 <span class=\"after_h1 white\">Complejo tur\u00edstico Carihuela Playa<\/span><\/h1> \n\t\t\t\t\t<\/div><div class=\"vc_empty_space\"   style=\"height: 32px\"><span class=\"vc_empty_space_inner\"><\/span><\/div><div class=\"vc_separator wpb_content_element vc_separator_align_center vc_sep_width_100 vc_sep_style-4 vc_sep_pos_align_center vc_separator_no_text vc_sep_color_grey\" ><span class=\"vc_sep_holder vc_sep_holder_l\"><span class=\"vc_sep_line\"><\/span><\/span><span class=\"vc_sep_holder vc_sep_holder_r\"><span class=\"vc_sep_line\"><\/span><\/span>\n<\/div>\n\t<div class=\"wpb_text_column wpb_content_element\" >\n\t\t<div class=\"wpb_wrapper\">\n\t\t\t\t \n\t\t<div  class=\"bullet-list style-1  check\">\n\t\t<ul>\n<li><strong>Complejo residencial muy exclusivo y lujoso en una ubicaci\u00f3n \u00fanica.<\/strong><\/li>\n<li><strong>AHORA \u2013 Fase exclusiva de prelanzamiento<\/strong><\/li>\n<li><strong>Lanzamiento en febrero de 2026: ahora la primera opci\u00f3n<\/strong><\/li>\n<li><strong>Indicaci\u00f3n de precio: 450.000 \u20ac a 1,6 millones de \u20ac\u00a0<\/strong><\/li>\n<li><b>Inversi\u00f3n inteligente: la escasez provoca un gran aumento del valor durante la construcci\u00f3n<\/b><\/li>\n<li><b>Ubicaci\u00f3n privilegiada a 300 metros del mar.<\/b><\/li>\n<li><strong>A un corto paseo de Puerto Marina Benalm\u00e1dena<\/strong><\/li>\n<\/ul>\n\n\t\t<\/div>\n\t\n\n\t\t<\/div>\n\t<\/div>\n\n\t\t<\/div>\n\t<\/div>\n\t<\/div>\n\n<\/div>\n<\/div>\n\n<div  class=\"content_row row quote-row vc_row wpb_row  default-style fullwidth\" style=\"background-color: #fcfcfc;\">\n\t\n\t<div class=\"content_row_wrapper  fullwidth\" >\n\t<div id=\"asdasd\" class=\"vc_col-sm-12 wpb_column vc_column_container vc_custom_1644925648982\" >\n\t<div class=\"vc_column-inner\">\n\t\t<div class=\"wpb_wrapper\" >\n\t\t\t<div class=\"rt_heading_wrapper style-3\">\n\t\t\t\t\t\t<h4 class=\"rt_heading serif quote-max-width style-3\" >Reg\u00edstrate ahora en la lista de prelanzamiento <a href=\"https:\/\/carihuela-playa.com\/es\/mas-informacion\/\">suscr\u00edbete a la lista de correo<\/a><\/h4> \n\t\t\t\t\t<\/div>\n\t\t<\/div>\n\t<\/div>\n\t<\/div>\n\n<\/div>\n<\/div>\n\n<div  class=\"content_row row vc_row wpb_row  default-style fullwidth\" >\n\t\n\t<div class=\"content_row_wrapper  default\" >\n\t<div id=\"asdasd\" class=\"vc_col-sm-12 wpb_column vc_column_container\" >\n\t<div class=\"vc_column-inner\">\n\t\t<div class=\"wpb_wrapper\" >\n\t\t\t<div class=\"button_wrapper aligncenter\"><a  href=\"\/es\/mas-informacion\/\" target=\"_self\" title=\"&gt; m\u00e1s informaci\u00f3n\" class=\"button_  style-2 small\">&gt; m\u00e1s informaci\u00f3n<\/a><\/div>\n\t\t<\/div>\n\t<\/div>\n\t<\/div>\n\n<\/div>\n<\/div>\n<\/section>","protected":false},"excerpt":{"rendered":"<p>\u2026 <a class=\"more-link\" href=\"https:\/\/carihuela-playa.com\/es\/el-complejo\/\">sigue leyendo<\/a><\/p>","protected":false},"author":1,"featured_media":4395,"parent":0,"menu_order":3,"comment_status":"closed","ping_status":"closed","template":"","meta":{"footnotes":""},"class_list":["post-95","page","type-page","status-publish","has-post-thumbnail","hentry"],"yoast_head":"<!-- This site is optimized with the Yoast SEO plugin v27.6 - https:\/\/yoast.com\/product\/yoast-seo-wordpress\/ -->\n<title>Carihuela Playa Woonresort - Playa Carihuela Appartmenten<\/title>\n<meta name=\"robots\" content=\"index, follow, max-snippet:-1, max-image-preview:large, max-video-preview:-1\" \/>\n<link rel=\"canonical\" href=\"https:\/\/carihuela-playa.com\/es\/el-complejo\/\" \/>\n<meta property=\"og:locale\" content=\"es_ES\" \/>\n<meta property=\"og:type\" content=\"article\" \/>\n<meta property=\"og:title\" content=\"Carihuela Playa Woonresort - Playa Carihuela Appartmenten\" \/>\n<meta property=\"og:url\" content=\"https:\/\/carihuela-playa.com\/es\/el-complejo\/\" \/>\n<meta property=\"og:site_name\" content=\"Playa Carihuela Appartmenten\" \/>\n<meta property=\"article:modified_time\" content=\"2026-04-27T13:51:10+00:00\" \/>\n<meta property=\"og:image\" content=\"https:\/\/carihuela-playa.com\/wp-content\/uploads\/sites\/25\/2026\/01\/carihuela-playa-resort-torremolinos-header2.jpg\" \/>\n\t<meta property=\"og:image:width\" content=\"1596\" \/>\n\t<meta property=\"og:image:height\" content=\"679\" \/>\n\t<meta property=\"og:image:type\" content=\"image\/jpeg\" \/>\n<meta name=\"twitter:card\" content=\"summary_large_image\" \/>\n<meta name=\"twitter:label1\" content=\"Tiempo de lectura\" \/>\n\t<meta name=\"twitter:data1\" content=\"5 minutos\" \/>\n<script type=\"application\/ld+json\" class=\"yoast-schema-graph\">{\"@context\":\"https:\\\/\\\/schema.org\",\"@graph\":[{\"@type\":\"WebPage\",\"@id\":\"https:\\\/\\\/carihuela-playa.com\\\/het-complex\\\/\",\"url\":\"https:\\\/\\\/carihuela-playa.com\\\/het-complex\\\/\",\"name\":\"Carihuela Playa Woonresort - Playa Carihuela Appartmenten\",\"isPartOf\":{\"@id\":\"https:\\\/\\\/carihuela-playa.com\\\/#website\"},\"primaryImageOfPage\":{\"@id\":\"https:\\\/\\\/carihuela-playa.com\\\/het-complex\\\/#primaryimage\"},\"image\":{\"@id\":\"https:\\\/\\\/carihuela-playa.com\\\/het-complex\\\/#primaryimage\"},\"thumbnailUrl\":\"https:\\\/\\\/carihuela-playa.com\\\/wp-content\\\/uploads\\\/sites\\\/25\\\/2026\\\/01\\\/carihuela-playa-resort-torremolinos-header2.jpg\",\"datePublished\":\"2022-01-27T10:58:29+00:00\",\"dateModified\":\"2026-04-27T13:51:10+00:00\",\"breadcrumb\":{\"@id\":\"https:\\\/\\\/carihuela-playa.com\\\/het-complex\\\/#breadcrumb\"},\"inLanguage\":\"es\",\"potentialAction\":[{\"@type\":\"ReadAction\",\"target\":[\"https:\\\/\\\/carihuela-playa.com\\\/het-complex\\\/\"]}]},{\"@type\":\"ImageObject\",\"inLanguage\":\"es\",\"@id\":\"https:\\\/\\\/carihuela-playa.com\\\/het-complex\\\/#primaryimage\",\"url\":\"https:\\\/\\\/carihuela-playa.com\\\/wp-content\\\/uploads\\\/sites\\\/25\\\/2026\\\/01\\\/carihuela-playa-resort-torremolinos-header2.jpg\",\"contentUrl\":\"https:\\\/\\\/carihuela-playa.com\\\/wp-content\\\/uploads\\\/sites\\\/25\\\/2026\\\/01\\\/carihuela-playa-resort-torremolinos-header2.jpg\",\"width\":1596,\"height\":679,\"caption\":\"Newbuild - Torremolinos - Carihuela Playa\"},{\"@type\":\"BreadcrumbList\",\"@id\":\"https:\\\/\\\/carihuela-playa.com\\\/het-complex\\\/#breadcrumb\",\"itemListElement\":[{\"@type\":\"ListItem\",\"position\":1,\"name\":\"Home\",\"item\":\"https:\\\/\\\/carihuela-playa.com\\\/\"},{\"@type\":\"ListItem\",\"position\":2,\"name\":\"Carihuela Playa Woonresort\"}]},{\"@type\":\"WebSite\",\"@id\":\"https:\\\/\\\/carihuela-playa.com\\\/#website\",\"url\":\"https:\\\/\\\/carihuela-playa.com\\\/\",\"name\":\"Playa Carihuela Appartmenten\",\"description\":\"Pre-Launch - Carihuela Playa - toplocatie Torremolinos\",\"potentialAction\":[{\"@type\":\"SearchAction\",\"target\":{\"@type\":\"EntryPoint\",\"urlTemplate\":\"https:\\\/\\\/carihuela-playa.com\\\/?s={search_term_string}\"},\"query-input\":{\"@type\":\"PropertyValueSpecification\",\"valueRequired\":true,\"valueName\":\"search_term_string\"}}],\"inLanguage\":\"es\"}]}<\/script>\n<!-- \/ Yoast SEO plugin. -->","yoast_head_json":{"title":"Residencial Carihuela Playa - Apartamentos Playa Carihuela","robots":{"index":"index","follow":"follow","max-snippet":"max-snippet:-1","max-image-preview":"max-image-preview:large","max-video-preview":"max-video-preview:-1"},"canonical":"https:\/\/carihuela-playa.com\/es\/el-complejo\/","og_locale":"es_ES","og_type":"article","og_title":"Carihuela Playa Woonresort - Playa Carihuela Appartmenten","og_url":"https:\/\/carihuela-playa.com\/es\/el-complejo\/","og_site_name":"Playa Carihuela Appartmenten","article_modified_time":"2026-04-27T13:51:10+00:00","og_image":[{"width":1596,"height":679,"url":"https:\/\/carihuela-playa.com\/wp-content\/uploads\/sites\/25\/2026\/01\/carihuela-playa-resort-torremolinos-header2.jpg","type":"image\/jpeg"}],"twitter_card":"summary_large_image","twitter_misc":{"Tiempo de lectura":"5 minutos"},"schema":{"@context":"https:\/\/schema.org","@graph":[{"@type":"WebPage","@id":"https:\/\/carihuela-playa.com\/het-complex\/","url":"https:\/\/carihuela-playa.com\/het-complex\/","name":"Residencial Carihuela Playa - Apartamentos Playa Carihuela","isPartOf":{"@id":"https:\/\/carihuela-playa.com\/#website"},"primaryImageOfPage":{"@id":"https:\/\/carihuela-playa.com\/het-complex\/#primaryimage"},"image":{"@id":"https:\/\/carihuela-playa.com\/het-complex\/#primaryimage"},"thumbnailUrl":"https:\/\/carihuela-playa.com\/wp-content\/uploads\/sites\/25\/2026\/01\/carihuela-playa-resort-torremolinos-header2.jpg","datePublished":"2022-01-27T10:58:29+00:00","dateModified":"2026-04-27T13:51:10+00:00","breadcrumb":{"@id":"https:\/\/carihuela-playa.com\/het-complex\/#breadcrumb"},"inLanguage":"es","potentialAction":[{"@type":"ReadAction","target":["https:\/\/carihuela-playa.com\/het-complex\/"]}]},{"@type":"ImageObject","inLanguage":"es","@id":"https:\/\/carihuela-playa.com\/het-complex\/#primaryimage","url":"https:\/\/carihuela-playa.com\/wp-content\/uploads\/sites\/25\/2026\/01\/carihuela-playa-resort-torremolinos-header2.jpg","contentUrl":"https:\/\/carihuela-playa.com\/wp-content\/uploads\/sites\/25\/2026\/01\/carihuela-playa-resort-torremolinos-header2.jpg","width":1596,"height":679,"caption":"Newbuild - Torremolinos - Carihuela Playa"},{"@type":"BreadcrumbList","@id":"https:\/\/carihuela-playa.com\/het-complex\/#breadcrumb","itemListElement":[{"@type":"ListItem","position":1,"name":"Home","item":"https:\/\/carihuela-playa.com\/"},{"@type":"ListItem","position":2,"name":"Carihuela Playa Woonresort"}]},{"@type":"WebSite","@id":"https:\/\/carihuela-playa.com\/#website","url":"https:\/\/carihuela-playa.com\/","name":"Apartamentos Playa Carihuela","description":"Prelanzamiento - Carihuela Playa - excelente ubicaci\u00f3n Torremolinos","potentialAction":[{"@type":"SearchAction","target":{"@type":"EntryPoint","urlTemplate":"https:\/\/carihuela-playa.com\/?s={search_term_string}"},"query-input":{"@type":"PropertyValueSpecification","valueRequired":true,"valueName":"search_term_string"}}],"inLanguage":"es"}]}},"_links":{"self":[{"href":"https:\/\/carihuela-playa.com\/es\/wp-json\/wp\/v2\/pages\/95","targetHints":{"allow":["GET"]}}],"collection":[{"href":"https:\/\/carihuela-playa.com\/es\/wp-json\/wp\/v2\/pages"}],"about":[{"href":"https:\/\/carihuela-playa.com\/es\/wp-json\/wp\/v2\/types\/page"}],"author":[{"embeddable":true,"href":"https:\/\/carihuela-playa.com\/es\/wp-json\/wp\/v2\/users\/1"}],"replies":[{"embeddable":true,"href":"https:\/\/carihuela-playa.com\/es\/wp-json\/wp\/v2\/comments?post=95"}],"version-history":[{"count":70,"href":"https:\/\/carihuela-playa.com\/es\/wp-json\/wp\/v2\/pages\/95\/revisions"}],"predecessor-version":[{"id":4476,"href":"https:\/\/carihuela-playa.com\/es\/wp-json\/wp\/v2\/pages\/95\/revisions\/4476"}],"wp:featuredmedia":[{"embeddable":true,"href":"https:\/\/carihuela-playa.com\/es\/wp-json\/wp\/v2\/media\/4395"}],"wp:attachment":[{"href":"https:\/\/carihuela-playa.com\/es\/wp-json\/wp\/v2\/media?parent=95"}],"curies":[{"name":"wp","href":"https:\/\/api.w.org\/{rel}","templated":true}]}}