{"id":95,"date":"2022-01-27T10:58:29","date_gmt":"2022-01-27T10:58:29","guid":{"rendered":"http:\/\/cognito.mprinsdesign.nl\/?page_id=95"},"modified":"2026-04-27T13:51:10","modified_gmt":"2026-04-27T13:51:10","slug":"le-complexe","status":"publish","type":"page","link":"https:\/\/carihuela-playa.com\/fr\/le-complexe\/","title":{"rendered":"Complexe r\u00e9sidentiel Carihuela Playa"},"content":{"rendered":"<section class=\"wpb-content-wrapper\"><div  class=\"content_row row page-content vc_row wpb_row  default-style fullwidth\" >\n\t\n\t<div class=\"content_row_wrapper  default\" >\n\t<div id=\"asdasd\" class=\"vc_col-sm-12 wpb_column vc_column_container\" >\n\t<div class=\"vc_column-inner\">\n\t\t<div class=\"wpb_wrapper\" >\n\t\t\t<div class=\"rt_heading_wrapper no-style\">\n\t\t\t\t\t\t<h1 class=\"rt_heading  no-style\"  style=\"font-size:24px;margin-top:24px;margin-bottom:0px;\">Appartements Playa Carihuela \u2013 <span class=\"after_h1\">Torremolinos<\/span><\/h1> \n\t\t\t\t\t<\/div><div class=\"vc_empty_space\"   style=\"height: 32px\"><span class=\"vc_empty_space_inner\"><\/span><\/div><div class=\"vc_separator wpb_content_element vc_separator_align_center vc_sep_width_100 vc_sep_style-4 vc_sep_pos_align_center vc_separator_no_text vc_sep_color_grey\" ><span class=\"vc_sep_holder vc_sep_holder_l\"><span class=\"vc_sep_line\"><\/span><\/span><span class=\"vc_sep_holder vc_sep_holder_r\"><span class=\"vc_sep_line\"><\/span><\/span>\n<\/div><div class=\"vc_empty_space\"   style=\"height: 32px\"><span class=\"vc_empty_space_inner\"><\/span><\/div>\n\t<div class=\"wpb_text_column wpb_content_element\" >\n\t\t<div class=\"wpb_wrapper\">\n\t\t\t<div class=\"\" style=\"text-align: center;\">\n<h1 style=\"text-align: left;\"><span style=\"font-weight: 400;\">CARHUELA AVANT LANCEMENT<\/span><\/h1>\n<h2 style=\"text-align: left;\"><b>Emplacement de choix en bord de mer<\/b><\/h2>\n<p style=\"text-align: left;\"><span style=\"font-weight: 400;\">Situ\u00e9 sur l&#039;Avenida Carlota Alessandri, \u00e0 seulement <strong>\u00c0 300 m\u00e8tres de la plage<\/strong> de La Carihuela et \u00e0 quelques pas de<strong> Marina de Puerto Marina<\/strong> Benalm\u00e1dena<\/span><\/p>\n<h2 style=\"text-align: left;\"><b>Projet historique<\/b><\/h2>\n<p style=\"text-align: left;\"><span style=\"font-weight: 400;\">Le \u00ab vide laiss\u00e9 par Meli\u00e1 \u00bb est enfin combl\u00e9. <strong>complexe de construction neuve unique<\/strong> par <strong>360 maisons de luxe<\/strong> (1 \u00e0 4 chambres) sur le site de l&#039;embl\u00e9matique ancien h\u00f4tel M\u00e9lia \/ h\u00f4tel\u00a0<\/span><b><\/b><\/p>\n<h2 style=\"text-align: left;\"><b>Investir intelligemment<\/b><\/h2>\n<p style=\"text-align: left;\"><span style=\"font-weight: 400;\">Profitez-en <strong>prix de pr\u00e9-lancement<\/strong> (estim\u00e9 entre 450\u00a0000 \u20ac et 1,6 million d\u2019euros). Augmentation de valeur attendue de <strong>20% \u00e0 30%<\/strong> durant la phase de construction, en raison de la raret\u00e9 sur la c\u00f4te<\/span><\/p>\n<h2 style=\"text-align: left;\"><b>D\u00e9but f\u00e9vrier\/mars 2026<\/b><\/h2>\n<p style=\"text-align: left;\"><span style=\"font-weight: 400;\">Le <strong>vente et pr\u00e9sentation officielles<\/strong> Les plans d&#039;\u00e9tage seront disponibles \u00e0 partir de f\u00e9vrier\/mars 2026. <a href=\"https:\/\/carihuela-playa.com\/fr\/plus-dinformation\/\"><strong>Inscrivez-vous maintenant<\/strong><\/a> pour la liste de diffusion de pr\u00e9-lancement, afin que vous ayez un acc\u00e8s prioritaire \u00e0 toutes les informations et la priorit\u00e9 sur le choix des appartements disponibles.\u00a0<\/span><\/p>\n<\/div>\n<div class=\"\">\n<p>&nbsp;<\/p>\n<\/div>\n\n\t\t<\/div>\n\t<\/div>\n<div class=\"vc_separator wpb_content_element vc_separator_align_center vc_sep_width_100 vc_sep_style-4 vc_sep_pos_align_center vc_separator_no_text vc_sep_color_grey\" ><span class=\"vc_sep_holder vc_sep_holder_l\"><span class=\"vc_sep_line\"><\/span><\/span><span class=\"vc_sep_holder vc_sep_holder_r\"><span class=\"vc_sep_line\"><\/span><\/span>\n<\/div>\n\t<div class=\"wpb_text_column wpb_content_element\" >\n\t\t<div class=\"wpb_wrapper\">\n\t\t\t<div class=\"\" style=\"text-align: center;\">\n<h4><\/h4>\n<h4 style=\"text-align: left;\">Inscrivez-vous \u00e0 la liste de pr\u00e9-lancement<\/h4>\n<ul style=\"text-align: left;\" data-path-to-node=\"27\">\n<li>\n<p data-path-to-node=\"27,0,0\"><b data-path-to-node=\"27,0,0\" data-index-in-node=\"0\">Emplacement:<\/b> Le tout dernier grand terrain constructible dans ce quartier pris\u00e9.<\/p>\n<\/li>\n<li>\n<p data-path-to-node=\"27,1,0\"><span data-path-to-node=\"27,1,0,0\"><b data-path-to-node=\"27,1,0,0\" data-index-in-node=\"0\">Avantage prix :<\/b> Participer \u00e0 la phase de pr\u00e9-lancement permet d&#039;acheter \u00e0 un prix comp\u00e9titif. <\/span><span data-path-to-node=\"27,1,0,2\"><span class=\"citation-131\">\u00c0 mesure que la construction avance, des augmentations de prix, de 20% \u00e0 30%, sont pr\u00e9vues.<\/span><\/span><span data-path-to-node=\"27,1,0,4\">.<\/span><\/p>\n<\/li>\n<li>\n<p data-path-to-node=\"27,1,0\"><span data-path-to-node=\"27,2,1,0\"><b data-path-to-node=\"27,2,1,0\" data-index-in-node=\"0\"><span class=\"citation-130\">Offre:<\/span><\/b><span class=\"citation-130\"> 360 appartements de luxe avec 1 \u00e0 4 chambres<\/span><\/span><span data-path-to-node=\"27,2,1,2\">.<\/span><\/p>\n<\/li>\n<li>\n<p data-path-to-node=\"27,1,0\"><span data-path-to-node=\"27,3,1,0\"><b data-path-to-node=\"27,3,1,0\" data-index-in-node=\"0\"><span class=\"citation-129\">Prix :<\/span><\/b><span class=\"citation-129\"> Estimation entre 450 000 \u20ac et 1,6 million d&#039;euros<\/span><\/span><span data-path-to-node=\"27,3,1,2\">.<\/span><\/p>\n<div class=\"source-inline-chip-container ng-star-inserted\"><\/div>\n<\/li>\n<\/ul>\n<p style=\"text-align: left;\" data-path-to-node=\"29\"><span data-path-to-node=\"29,0\"><b data-path-to-node=\"29,0\" data-index-in-node=\"0\"><span class=\"citation-128\">Le lancement d\u00e9butera en juin 2026.<\/span><\/b><\/span><span data-path-to-node=\"29,2\">Aucune brochure ni aucun plan d&#039;\u00e9tage ne sont actuellement disponibles. Cependant, vous pouvez vous inscrire ici pour recevoir les informations suivantes\u00a0: <a href=\"https:\/\/carihuela-playa.com\/fr\/plus-dinformation\/\">Liste de diffusion pr\u00e9-lancement<\/a>D\u00e8s que le d\u00e9veloppeur aura publi\u00e9 tous les d\u00e9tails (pr\u00e9vus en f\u00e9vrier\/mars), nous vous enverrons la documentation avant qu&#039;elle ne soit largement diffus\u00e9e.<\/span><\/p>\n<p data-path-to-node=\"29\">INSCRIVEZ-VOUS \u00c0 LA LISTE DE DIFFUSION PR\u00c9-LANCEMENT<br \/>\n<a href=\"https:\/\/carihuela-playa.com\/fr\/plus-dinformation\/\"><img decoding=\"async\" class=\"aligncenter wp-image-4453 size-thumbnail\" src=\"https:\/\/carihuela-playa.com\/wp-content\/uploads\/sites\/25\/2026\/01\/pre-launch-button-150x33.jpg\" alt=\"liste de diffusion pr\u00e9-lancement\" width=\"150\" height=\"33\" srcset=\"https:\/\/carihuela-playa.com\/wp-content\/uploads\/sites\/25\/2026\/01\/pre-launch-button-150x33.jpg 150w, https:\/\/carihuela-playa.com\/wp-content\/uploads\/sites\/25\/2026\/01\/pre-launch-button-18x3.jpg 18w\" sizes=\"(max-width: 150px) 100vw, 150px\" \/><\/a><\/p>\n<\/div>\n<div class=\"\">\n<p>&nbsp;<\/p>\n<\/div>\n\n\t\t<\/div>\n\t<\/div>\n<div class=\"vc_separator wpb_content_element vc_separator_align_center vc_sep_width_100 vc_sep_style-4 vc_sep_pos_align_center vc_separator_no_text vc_sep_color_grey\" ><span class=\"vc_sep_holder vc_sep_holder_l\"><span class=\"vc_sep_line\"><\/span><\/span><span class=\"vc_sep_holder vc_sep_holder_r\"><span class=\"vc_sep_line\"><\/span><\/span>\n<\/div>\n\t<div class=\"wpb_text_column wpb_content_element\" >\n\t\t<div class=\"wpb_wrapper\">\n\t\t\t<div class=\"\" style=\"text-align: center;\">\n<p>&nbsp;<\/p>\n<h4 style=\"text-align: left;\"><b>L&#039;histoire prend une nouvelle vie<\/b><\/h4>\n<\/div>\n<p>L&#039;h\u00f4tel cinq \u00e9toiles Meli\u00e1 Tres Carabelas a ouvert ses portes en 1962 sur l&#039;avenue Carlota Alessandri.<\/p>\n<div id=\"attachment_4385\" style=\"width: 310px\" class=\"wp-caption aligncenter\"><img fetchpriority=\"high\" decoding=\"async\" aria-describedby=\"caption-attachment-4385\" class=\"wp-image-4385 size-medium\" src=\"https:\/\/carihuela-playa.com\/wp-content\/uploads\/sites\/25\/2026\/01\/Hotel-Tres-Carabelas-Melia-300x236.jpg\" alt=\"L&#039;ancien h\u00f4tel Tres Carabelas \/ H\u00f4tel M\u00e9lia devient un complexe r\u00e9sidentiel de luxe\" width=\"300\" height=\"236\" srcset=\"https:\/\/carihuela-playa.com\/wp-content\/uploads\/sites\/25\/2026\/01\/Hotel-Tres-Carabelas-Melia-300x236.jpg 300w, https:\/\/carihuela-playa.com\/wp-content\/uploads\/sites\/25\/2026\/01\/Hotel-Tres-Carabelas-Melia-15x12.jpg 15w, https:\/\/carihuela-playa.com\/wp-content\/uploads\/sites\/25\/2026\/01\/Hotel-Tres-Carabelas-Melia.jpg 748w\" sizes=\"(max-width: 300px) 100vw, 300px\" \/><p id=\"caption-attachment-4385\" class=\"wp-caption-text\">1962 \u2013 H\u00f4tel M\u00e9lia Tres Carabelas<\/p><\/div>\n<p>&nbsp;<\/p>\n<p>L&#039;h\u00f4tel cinq \u00e9toiles \u00e9tait devenu l&#039;embl\u00e8me des h\u00f4tels de luxe \u00e0 Torremolinos. En 2008, le Meli\u00e1 Tres Carabelas fut d\u00e9moli\u00a0; apr\u00e8s quarante ans de service, il avait fait son temps. Il \u00e9tait temps pour un nouveau symbole de cette nouvelle \u00e8re\u00a0: l&#039;H\u00f4tel Cruiser, un immeuble de 22 \u00e9tages dot\u00e9 d&#039;un h\u00e9liport. Mais ce projet prestigieux ne d\u00e9passa jamais le stade de la planification. Initialement, il fut refus\u00e9 par la Junta de Andaluc\u00eda. Et lorsque le plan r\u00e9vis\u00e9 fut finalement approuv\u00e9, le promoteur l&#039;abandonna en raison de co\u00fbts exorbitants. Il ne restait plus qu&#039;un terrain vague.<\/p>\n<p style=\"text-align: center;\" data-path-to-node=\"29\">INSCRIVEZ-VOUS \u00c0 LA LISTE DE DIFFUSION PR\u00c9-LANCEMENT<br \/>\n<a href=\"https:\/\/carihuela-playa.com\/fr\/plus-dinformation\/\"><img decoding=\"async\" class=\"aligncenter wp-image-4453 size-thumbnail\" src=\"https:\/\/carihuela-playa.com\/wp-content\/uploads\/sites\/25\/2026\/01\/pre-launch-button-150x33.jpg\" alt=\"liste de diffusion pr\u00e9-lancement\" width=\"150\" height=\"33\" srcset=\"https:\/\/carihuela-playa.com\/wp-content\/uploads\/sites\/25\/2026\/01\/pre-launch-button-150x33.jpg 150w, https:\/\/carihuela-playa.com\/wp-content\/uploads\/sites\/25\/2026\/01\/pre-launch-button-18x3.jpg 18w\" sizes=\"(max-width: 150px) 100vw, 150px\" \/><\/a><\/p>\n\n\t\t<\/div>\n\t<\/div>\n<div class=\"vc_separator wpb_content_element vc_separator_align_center vc_sep_width_100 vc_sep_style-1 vc_sep_pos_align_center vc_separator_no_text vc_sep_color_grey\" ><span class=\"vc_sep_holder vc_sep_holder_l\"><span class=\"vc_sep_line\"><\/span><\/span><span class=\"vc_sep_holder vc_sep_holder_r\"><span class=\"vc_sep_line\"><\/span><\/span>\n<\/div>\n\t<div class=\"wpb_text_column wpb_content_element\" >\n\t\t<div class=\"wpb_wrapper\">\n\t\t\t<div id=\"attachment_4423\" style=\"width: 310px\" class=\"wp-caption aligncenter\"><img decoding=\"async\" aria-describedby=\"caption-attachment-4423\" class=\"wp-image-4423 size-medium\" src=\"https:\/\/carihuela-playa.com\/wp-content\/uploads\/sites\/25\/2026\/01\/carihuela-playa-resort-visual-300x200.png\" alt=\"Carihuela Playa Resort - impression\" width=\"300\" height=\"200\" srcset=\"https:\/\/carihuela-playa.com\/wp-content\/uploads\/sites\/25\/2026\/01\/carihuela-playa-resort-visual-300x200.png 300w, https:\/\/carihuela-playa.com\/wp-content\/uploads\/sites\/25\/2026\/01\/carihuela-playa-resort-visual-1024x683.png 1024w, https:\/\/carihuela-playa.com\/wp-content\/uploads\/sites\/25\/2026\/01\/carihuela-playa-resort-visual-768x512.png 768w, https:\/\/carihuela-playa.com\/wp-content\/uploads\/sites\/25\/2026\/01\/carihuela-playa-resort-visual-18x12.png 18w, https:\/\/carihuela-playa.com\/wp-content\/uploads\/sites\/25\/2026\/01\/carihuela-playa-resort-visual.png 1536w\" sizes=\"(max-width: 300px) 100vw, 300px\" \/><p id=\"caption-attachment-4423\" class=\"wp-caption-text\">Impression du nouveau complexe h\u00f4telier Carihuela Playa<\/p><\/div>\n\n\t\t<\/div>\n\t<\/div>\n\n\t\t<\/div>\n\t<\/div>\n\t<\/div>\n\n<\/div>\n<\/div>\n\n<div  class=\"content_row row page-content vc_row wpb_row  default-style fullwidth\" style=\"background-color: #bbac8c;\">\n\t\n\t<div class=\"content_row_wrapper  default\" >\n\t<div id=\"asdasd\" class=\"vc_col-sm-12 wpb_column vc_column_container\" >\n\t<div class=\"vc_column-inner\">\n\t\t<div class=\"wpb_wrapper\" >\n\t\t\t<div class=\"rt_heading_wrapper no-style\">\n\t\t\t\t\t\t<h1 class=\"rt_heading  no-style\"  style=\"font-size:24px;margin-top:24px;margin-bottom:0px;\">Avant le lancement \u2013 <span class=\"after_h1 white\">Carihuela Playa Resort<\/span><\/h1> \n\t\t\t\t\t<\/div><div class=\"vc_empty_space\"   style=\"height: 32px\"><span class=\"vc_empty_space_inner\"><\/span><\/div><div class=\"vc_separator wpb_content_element vc_separator_align_center vc_sep_width_100 vc_sep_style-4 vc_sep_pos_align_center vc_separator_no_text vc_sep_color_grey\" ><span class=\"vc_sep_holder vc_sep_holder_l\"><span class=\"vc_sep_line\"><\/span><\/span><span class=\"vc_sep_holder vc_sep_holder_r\"><span class=\"vc_sep_line\"><\/span><\/span>\n<\/div>\n\t<div class=\"wpb_text_column wpb_content_element\" >\n\t\t<div class=\"wpb_wrapper\">\n\t\t\t\t \n\t\t<div  class=\"bullet-list style-1  check\">\n\t\t<ul>\n<li><strong>Complexe r\u00e9sidentiel tr\u00e8s exclusif et luxueux dans un cadre exceptionnel<\/strong><\/li>\n<li><strong>MAINTENANT \u2013 Phase de pr\u00e9-lancement exclusive<\/strong><\/li>\n<li><strong>Lancement en f\u00e9vrier 2026 \u2013 d\u00e9sormais premier choix<\/strong><\/li>\n<li><strong>Prix indicatif\u00a0: de 450\u00a0000\u00a0\u20ac \u00e0 1,6\u00a0million d\u2019euros\u00a0<\/strong><\/li>\n<li><b>Investissement judicieux \u2013 la raret\u00e9 entra\u00eene une forte plus-value pendant la construction<\/b><\/li>\n<li><b>Emplacement de choix \u00e0 300 m\u00e8tres de la mer<\/b><\/li>\n<li><strong>\u00c0 quelques pas de Puerto Marina Benalm\u00e1dena<\/strong><\/li>\n<\/ul>\n\n\t\t<\/div>\n\t\n\n\t\t<\/div>\n\t<\/div>\n\n\t\t<\/div>\n\t<\/div>\n\t<\/div>\n\n<\/div>\n<\/div>\n\n<div  class=\"content_row row quote-row vc_row wpb_row  default-style fullwidth\" style=\"background-color: #fcfcfc;\">\n\t\n\t<div class=\"content_row_wrapper  fullwidth\" >\n\t<div id=\"asdasd\" class=\"vc_col-sm-12 wpb_column vc_column_container vc_custom_1644925648982\" >\n\t<div class=\"vc_column-inner\">\n\t\t<div class=\"wpb_wrapper\" >\n\t\t\t<div class=\"rt_heading_wrapper style-3\">\n\t\t\t\t\t\t<h4 class=\"rt_heading serif quote-max-width style-3\" >Inscrivez-vous d\u00e8s maintenant \u00e0 la liste de pr\u00e9-lancement <a href=\"https:\/\/carihuela-playa.com\/fr\/plus-dinformation\/\">s&#039;abonner \u00e0 la liste de diffusion<\/a><\/h4> \n\t\t\t\t\t<\/div>\n\t\t<\/div>\n\t<\/div>\n\t<\/div>\n\n<\/div>\n<\/div>\n\n<div  class=\"content_row row vc_row wpb_row  default-style fullwidth\" >\n\t\n\t<div class=\"content_row_wrapper  default\" >\n\t<div id=\"asdasd\" class=\"vc_col-sm-12 wpb_column vc_column_container\" >\n\t<div class=\"vc_column-inner\">\n\t\t<div class=\"wpb_wrapper\" >\n\t\t\t<div class=\"button_wrapper aligncenter\"><a  href=\"\/fr\/plus-dinformation\/\" target=\"_self\" title=\"&gt; plus d&#039;infos\" class=\"button_  style-2 small\">&gt; plus d&#039;infos<\/a><\/div>\n\t\t<\/div>\n\t<\/div>\n\t<\/div>\n\n<\/div>\n<\/div>\n<\/section>","protected":false},"excerpt":{"rendered":"<p>\u2026 <a class=\"more-link\" href=\"https:\/\/carihuela-playa.com\/fr\/le-complexe\/\">continuer la lecture<\/a><\/p>","protected":false},"author":1,"featured_media":4395,"parent":0,"menu_order":3,"comment_status":"closed","ping_status":"closed","template":"","meta":{"footnotes":""},"class_list":["post-95","page","type-page","status-publish","has-post-thumbnail","hentry"],"yoast_head":"<!-- This site is optimized with the Yoast SEO plugin v27.6 - https:\/\/yoast.com\/product\/yoast-seo-wordpress\/ -->\n<title>Carihuela Playa Woonresort - Playa Carihuela Appartmenten<\/title>\n<meta name=\"robots\" content=\"index, follow, max-snippet:-1, max-image-preview:large, max-video-preview:-1\" \/>\n<link rel=\"canonical\" href=\"https:\/\/carihuela-playa.com\/fr\/le-complexe\/\" \/>\n<meta property=\"og:locale\" content=\"fr_FR\" \/>\n<meta property=\"og:type\" content=\"article\" \/>\n<meta property=\"og:title\" content=\"Carihuela Playa Woonresort - Playa Carihuela Appartmenten\" \/>\n<meta property=\"og:url\" content=\"https:\/\/carihuela-playa.com\/fr\/le-complexe\/\" \/>\n<meta property=\"og:site_name\" content=\"Playa Carihuela Appartmenten\" \/>\n<meta property=\"article:modified_time\" content=\"2026-04-27T13:51:10+00:00\" \/>\n<meta property=\"og:image\" content=\"https:\/\/carihuela-playa.com\/wp-content\/uploads\/sites\/25\/2026\/01\/carihuela-playa-resort-torremolinos-header2.jpg\" \/>\n\t<meta property=\"og:image:width\" content=\"1596\" \/>\n\t<meta property=\"og:image:height\" content=\"679\" \/>\n\t<meta property=\"og:image:type\" content=\"image\/jpeg\" \/>\n<meta name=\"twitter:card\" content=\"summary_large_image\" \/>\n<meta name=\"twitter:label1\" content=\"Dur\u00e9e de lecture estim\u00e9e\" \/>\n\t<meta name=\"twitter:data1\" content=\"5 minutes\" \/>\n<script type=\"application\/ld+json\" class=\"yoast-schema-graph\">{\"@context\":\"https:\\\/\\\/schema.org\",\"@graph\":[{\"@type\":\"WebPage\",\"@id\":\"https:\\\/\\\/carihuela-playa.com\\\/het-complex\\\/\",\"url\":\"https:\\\/\\\/carihuela-playa.com\\\/het-complex\\\/\",\"name\":\"Carihuela Playa Woonresort - Playa Carihuela Appartmenten\",\"isPartOf\":{\"@id\":\"https:\\\/\\\/carihuela-playa.com\\\/#website\"},\"primaryImageOfPage\":{\"@id\":\"https:\\\/\\\/carihuela-playa.com\\\/het-complex\\\/#primaryimage\"},\"image\":{\"@id\":\"https:\\\/\\\/carihuela-playa.com\\\/het-complex\\\/#primaryimage\"},\"thumbnailUrl\":\"https:\\\/\\\/carihuela-playa.com\\\/wp-content\\\/uploads\\\/sites\\\/25\\\/2026\\\/01\\\/carihuela-playa-resort-torremolinos-header2.jpg\",\"datePublished\":\"2022-01-27T10:58:29+00:00\",\"dateModified\":\"2026-04-27T13:51:10+00:00\",\"breadcrumb\":{\"@id\":\"https:\\\/\\\/carihuela-playa.com\\\/het-complex\\\/#breadcrumb\"},\"inLanguage\":\"fr-FR\",\"potentialAction\":[{\"@type\":\"ReadAction\",\"target\":[\"https:\\\/\\\/carihuela-playa.com\\\/het-complex\\\/\"]}]},{\"@type\":\"ImageObject\",\"inLanguage\":\"fr-FR\",\"@id\":\"https:\\\/\\\/carihuela-playa.com\\\/het-complex\\\/#primaryimage\",\"url\":\"https:\\\/\\\/carihuela-playa.com\\\/wp-content\\\/uploads\\\/sites\\\/25\\\/2026\\\/01\\\/carihuela-playa-resort-torremolinos-header2.jpg\",\"contentUrl\":\"https:\\\/\\\/carihuela-playa.com\\\/wp-content\\\/uploads\\\/sites\\\/25\\\/2026\\\/01\\\/carihuela-playa-resort-torremolinos-header2.jpg\",\"width\":1596,\"height\":679,\"caption\":\"Newbuild - Torremolinos - Carihuela Playa\"},{\"@type\":\"BreadcrumbList\",\"@id\":\"https:\\\/\\\/carihuela-playa.com\\\/het-complex\\\/#breadcrumb\",\"itemListElement\":[{\"@type\":\"ListItem\",\"position\":1,\"name\":\"Home\",\"item\":\"https:\\\/\\\/carihuela-playa.com\\\/\"},{\"@type\":\"ListItem\",\"position\":2,\"name\":\"Carihuela Playa Woonresort\"}]},{\"@type\":\"WebSite\",\"@id\":\"https:\\\/\\\/carihuela-playa.com\\\/#website\",\"url\":\"https:\\\/\\\/carihuela-playa.com\\\/\",\"name\":\"Playa Carihuela Appartmenten\",\"description\":\"Pre-Launch - Carihuela Playa - toplocatie Torremolinos\",\"potentialAction\":[{\"@type\":\"SearchAction\",\"target\":{\"@type\":\"EntryPoint\",\"urlTemplate\":\"https:\\\/\\\/carihuela-playa.com\\\/?s={search_term_string}\"},\"query-input\":{\"@type\":\"PropertyValueSpecification\",\"valueRequired\":true,\"valueName\":\"search_term_string\"}}],\"inLanguage\":\"fr-FR\"}]}<\/script>\n<!-- \/ Yoast SEO plugin. -->","yoast_head_json":{"title":"Complexe r\u00e9sidentiel Carihuela Playa - Appartements Playa Carihuela","robots":{"index":"index","follow":"follow","max-snippet":"max-snippet:-1","max-image-preview":"max-image-preview:large","max-video-preview":"max-video-preview:-1"},"canonical":"https:\/\/carihuela-playa.com\/fr\/le-complexe\/","og_locale":"fr_FR","og_type":"article","og_title":"Carihuela Playa Woonresort - Playa Carihuela Appartmenten","og_url":"https:\/\/carihuela-playa.com\/fr\/le-complexe\/","og_site_name":"Playa Carihuela Appartmenten","article_modified_time":"2026-04-27T13:51:10+00:00","og_image":[{"width":1596,"height":679,"url":"https:\/\/carihuela-playa.com\/wp-content\/uploads\/sites\/25\/2026\/01\/carihuela-playa-resort-torremolinos-header2.jpg","type":"image\/jpeg"}],"twitter_card":"summary_large_image","twitter_misc":{"Dur\u00e9e de lecture estim\u00e9e":"5 minutes"},"schema":{"@context":"https:\/\/schema.org","@graph":[{"@type":"WebPage","@id":"https:\/\/carihuela-playa.com\/het-complex\/","url":"https:\/\/carihuela-playa.com\/het-complex\/","name":"Complexe r\u00e9sidentiel Carihuela Playa - Appartements Playa Carihuela","isPartOf":{"@id":"https:\/\/carihuela-playa.com\/#website"},"primaryImageOfPage":{"@id":"https:\/\/carihuela-playa.com\/het-complex\/#primaryimage"},"image":{"@id":"https:\/\/carihuela-playa.com\/het-complex\/#primaryimage"},"thumbnailUrl":"https:\/\/carihuela-playa.com\/wp-content\/uploads\/sites\/25\/2026\/01\/carihuela-playa-resort-torremolinos-header2.jpg","datePublished":"2022-01-27T10:58:29+00:00","dateModified":"2026-04-27T13:51:10+00:00","breadcrumb":{"@id":"https:\/\/carihuela-playa.com\/het-complex\/#breadcrumb"},"inLanguage":"fr-FR","potentialAction":[{"@type":"ReadAction","target":["https:\/\/carihuela-playa.com\/het-complex\/"]}]},{"@type":"ImageObject","inLanguage":"fr-FR","@id":"https:\/\/carihuela-playa.com\/het-complex\/#primaryimage","url":"https:\/\/carihuela-playa.com\/wp-content\/uploads\/sites\/25\/2026\/01\/carihuela-playa-resort-torremolinos-header2.jpg","contentUrl":"https:\/\/carihuela-playa.com\/wp-content\/uploads\/sites\/25\/2026\/01\/carihuela-playa-resort-torremolinos-header2.jpg","width":1596,"height":679,"caption":"Newbuild - Torremolinos - Carihuela Playa"},{"@type":"BreadcrumbList","@id":"https:\/\/carihuela-playa.com\/het-complex\/#breadcrumb","itemListElement":[{"@type":"ListItem","position":1,"name":"Home","item":"https:\/\/carihuela-playa.com\/"},{"@type":"ListItem","position":2,"name":"Carihuela Playa Woonresort"}]},{"@type":"WebSite","@id":"https:\/\/carihuela-playa.com\/#website","url":"https:\/\/carihuela-playa.com\/","name":"Appartements Playa Carihuela","description":"Avant-premi\u00e8re - Carihuela Playa - emplacement de choix \u00e0 Torremolinos","potentialAction":[{"@type":"SearchAction","target":{"@type":"EntryPoint","urlTemplate":"https:\/\/carihuela-playa.com\/?s={search_term_string}"},"query-input":{"@type":"PropertyValueSpecification","valueRequired":true,"valueName":"search_term_string"}}],"inLanguage":"fr-FR"}]}},"_links":{"self":[{"href":"https:\/\/carihuela-playa.com\/fr\/wp-json\/wp\/v2\/pages\/95","targetHints":{"allow":["GET"]}}],"collection":[{"href":"https:\/\/carihuela-playa.com\/fr\/wp-json\/wp\/v2\/pages"}],"about":[{"href":"https:\/\/carihuela-playa.com\/fr\/wp-json\/wp\/v2\/types\/page"}],"author":[{"embeddable":true,"href":"https:\/\/carihuela-playa.com\/fr\/wp-json\/wp\/v2\/users\/1"}],"replies":[{"embeddable":true,"href":"https:\/\/carihuela-playa.com\/fr\/wp-json\/wp\/v2\/comments?post=95"}],"version-history":[{"count":70,"href":"https:\/\/carihuela-playa.com\/fr\/wp-json\/wp\/v2\/pages\/95\/revisions"}],"predecessor-version":[{"id":4476,"href":"https:\/\/carihuela-playa.com\/fr\/wp-json\/wp\/v2\/pages\/95\/revisions\/4476"}],"wp:featuredmedia":[{"embeddable":true,"href":"https:\/\/carihuela-playa.com\/fr\/wp-json\/wp\/v2\/media\/4395"}],"wp:attachment":[{"href":"https:\/\/carihuela-playa.com\/fr\/wp-json\/wp\/v2\/media?parent=95"}],"curies":[{"name":"wp","href":"https:\/\/api.w.org\/{rel}","templated":true}]}}