{"id":3121,"date":"2025-01-20T14:08:43","date_gmt":"2025-01-20T14:08:43","guid":{"rendered":"https:\/\/cognito.mprinsdesign.nl\/?page_id=3121"},"modified":"2026-01-20T16:01:25","modified_gmt":"2026-01-20T16:01:25","slug":"wiecej-informacji","status":"publish","type":"page","link":"https:\/\/carihuela-playa.com\/pl\/wiecej-informacji\/","title":{"rendered":"Wi\u0119cej informacji"},"content":{"rendered":"<section class=\"wpb-content-wrapper\">\n<div  class=\"content_row row page-content margin-between contact-form-row vc_row wpb_row  default-style fullwidth\" >\n\t\n\t<div class=\"content_row_wrapper  default\" style=\"padding-top:50px;padding-bottom:50px;\"><div id=\"asdasd\" class=\"vc_col-sm-6 wpb_column vc_column_container\" >\n\t<div class=\"vc_column-inner\">\n\t\t<div class=\"wpb_wrapper\" >\n\t\t\t\n<div  class=\"content_row row contact-informatie-row vc_row vc_inner vc_row-fluid global-style fullwidth\" style=\"background-color: #baad85;\">\n\t\n\t<div class=\"content_row_wrapper  default\" style=\"padding-top:10px;padding-bottom:20px;padding-left:20px;padding-right:20px;\">\n\t<div class=\"vc_col-sm-12 wpb_column vc_column_container\" >\n\t<div class=\"vc_column-inner\">\n\t\t<div class=\"wpb_wrapper\" >\n\t\t\t<div class=\"rt_heading_wrapper style-3\">\n\t\t\t\t\t\t<h1 class=\"rt_heading  style-3\"  style=\"font-size:24px;margin-top:24px;margin-bottom:0px;\">PRZEDPREMIEROWE \u2013 <span class=\"after_h1 white\">O\u015brodek wypoczynkowy Carihuela Playa<\/span><\/h1> \n\t\t\t\t\t<\/div>\n\t<div class=\"wpb_text_column wpb_content_element  meer-info white\" >\n\t\t<div class=\"wpb_wrapper\">\n\t\t\t<p>Projekt znajduje si\u0119 obecnie w fazie cichej przed rozpocz\u0119ciem prac. Szacujemy cen\u0119 na 450 000\u20131,6 mln euro. Szczeg\u00f3\u0142y, ceny wywo\u0142awcze i dok\u0142adne plany pi\u0119ter b\u0119d\u0105 dost\u0119pne w przysz\u0142o\u015bci.<strong>otwarcie w lutym 2026 r.<\/strong> Wydane. Bior\u0105c pod uwag\u0119 ogromne zapotrzebowanie na nowe inwestycje w tej konkretnej lokalizacji, spodziewamy si\u0119, \u017ce najlepsze domy zostan\u0105 sprzedane natychmiast po rozpocz\u0119ciu budowy.<\/p>\n<p>Zarejestruj si\u0119 tutaj bez zobowi\u0105za\u0144, aby <strong>Lista mailingowa PRE-LAUNCH<\/strong> i b\u0105d\u017a na czele kolejki podczas oficjalnej premiery listy sprzeda\u017cy.<\/p>\n<p>Ka\u017cda osoba zarejestrowana na li\u015bcie PRE-LAUNCH otrzyma <strong>wszystkie informacje<\/strong>, broszura, plik inwestycyjny, zdj\u0119cia, ceny i plany pi\u0119ter bezpo\u015brednio w jego skrzynce odbiorczej, <strong>jak tylko b\u0119dzie dost\u0119pny<\/strong> i jeszcze zanim pojawi si\u0119 na stronie internetowej.<\/p>\n\n\t\t<\/div>\n\t<\/div>\n\n\t\t<\/div>\n\t<\/div>\n\t<\/div>\n\n<\/div>\n<\/div>\n\n\t\t<\/div>\n\t<\/div>\n\t<\/div>\n\n\t<div id=\"asdasd\" class=\"vc_col-sm-6 wpb_column vc_column_container\" >\n\t<div class=\"vc_column-inner\">\n\t\t<div class=\"wpb_wrapper\" >\n\t\t\t\n<div  class=\"content_row row vc_row vc_inner vc_row-fluid global-style fullwidth\" >\n\t\n\t<div class=\"content_row_wrapper  default\" style=\"padding-top:10px;padding-bottom:20px;padding-left:20px;padding-right:20px;\">\n\t<div class=\"vc_col-sm-12 wpb_column vc_column_container\" >\n\t<div class=\"vc_column-inner\">\n\t\t<div class=\"wpb_wrapper\" >\n\t\t\t<div class=\"rt_heading_wrapper style-3\">\n\t\t\t\t\t\t<h1 class=\"rt_heading  style-3\"  style=\"font-size:24px;margin-top:24px;margin-bottom:0px;\">LISTA PRZEDPREMIEROWA \u2013 <span class=\"after_h1\">O\u015brodek wypoczynkowy Carihuela Playa<\/span><\/h1> \n\t\t\t\t\t<\/div>\n\t<div class=\"wpb_text_column wpb_content_element\" >\n\t\t<div class=\"wpb_wrapper\">\n\t\t\t<div class=\"contact-form\">\n    <form id=\"cc-contact-form\" method=\"POST\" action=\"\">\n                <div class=\"split-contact\">\n            <article class=\"contact-row\">\n                <label><strong> Nazwa <\/strong>(zobowi\u0105zany)<\/label>\n                                <input type=\"text\" name=\"cc-name\" id=\"name\" value=\"\" required>\n            <\/article>\n            <article class=\"contact-row\">\n                <label><strong> E-mail <\/strong>(zobowi\u0105zany)<\/label>\n                                <input type=\"text\" name=\"cc-email\" id=\"email\" value=\"\" required>\n            <\/article>\n        <\/div>\n        <article class=\"contact-row\">\n            <label><strong> Adres <\/strong><\/label>\n            <input type=\"text\" name=\"cc-address\" id=\"address\" value=\"\" required>\n        <\/article>\n        <div class=\"split-contact\">\n            <article class=\"contact-row\">\n                <label><strong> rezydencja <\/strong><\/label>\n                <input type=\"text\" name=\"cc-city\" id=\"city\" value=\"\" required>\n            <\/article>\n\n            <article class=\"contact-row\">\n                <label><strong> Kraj <\/strong><\/label>\n                <input type=\"text\" name=\"cc-country\" id=\"country\" value=\"\" required>\n            <\/article>\n        <\/div>\n        <article class=\"contact-row\">\n            <label><strong> numer telefonu <\/strong>(zobowi\u0105zany)<\/label>\n                        <input type=\"text\" name=\"cc-phone\" id=\"phone\" value=\"\" required>\n        <\/article>\n        <article class=\"contact-row\">\n            <label class=\"privacy-check\">\n                <input type=\"checkbox\" name=\"cc-video\" id=\"video\" value=\"on\" required>\n                Chcia\u0142bym um\u00f3wi\u0107 si\u0119 na rozmow\u0119 wideo (ogl\u0105danie)\n            <\/label>\n        <\/article>\n        <article class=\"contact-row\">\n            <label><strong> Uwagi <\/strong><\/label>\n            <textarea \n                name=\"cc-comments\" \n                id=\"comments\" \n                required\n\t\t\t placeholder=\"Wska\u017c tutaj na przyk\u0142ad, czy chcesz otrzymywa\u0107 okre\u015blone informacje. Czy jeste\u015b tu w najbli\u017cszym czasie? Prosz\u0119 da\u0107 nam zna\u0107 o naszych planach.\"\n\t\t                rows=\"6\"\n            ><\/textarea>\n        <\/article>\n        <article class=\"contact-row\">\n                        <label class=\"privacy-check\">\n                <input type=\"checkbox\" name=\"cc-privacy\" id=\"privacy\" required>\n                zgadzam si\u0119 z <a href=\"\/pl\/polityka-prywatnosci\/\">Polityka prywatno\u015bci<\/a>.\n            <\/label>\n        <\/article>\n        <article class=\"contact-row\">\n            <label type=\"hidden\" id=\"captcha-label\" style=\"display: none; color: red;\"><\/label>\n            <input id='recaptcha' class=\"g-recaptcha\" type=\"submit\" value=\"Wys\u0142a\u0107\" data-sitekey=\"6LeoCRIgAAAAAFGEHBimhbu4Ac0qLhPJSwqTq9Rq\" data-callback=\"ccSubmit\" data-action=\"submit\">\n        <\/article>\n    <input type=\"hidden\" name=\"trp-form-language\" value=\"pl\"\/><\/form>\n<\/div>\n<script>\n    function ccSubmit(token) {\n        document.getElementById(\"cc-contact-form\").submit();\n    }\n<\/script>\n\n\n\t\t<\/div>\n\t<\/div>\n\n\t\t<\/div>\n\t<\/div>\n\t<\/div>\n\n<\/div>\n<\/div>\n\n\t\t<\/div>\n\t<\/div>\n\t<\/div>\n<\/div>\n<\/div>\n\n<\/section>","protected":false},"excerpt":{"rendered":"<p>\u2026 <a class=\"more-link\" href=\"https:\/\/carihuela-playa.com\/pl\/wiecej-informacji\/\">Kontynuuj czytanie<\/a><\/p>","protected":false},"author":1,"featured_media":4447,"parent":0,"menu_order":6,"comment_status":"closed","ping_status":"closed","template":"","meta":{"footnotes":""},"class_list":["post-3121","page","type-page","status-publish","has-post-thumbnail","hentry"],"yoast_head":"<!-- This site is optimized with the Yoast SEO plugin v27.6 - https:\/\/yoast.com\/product\/yoast-seo-wordpress\/ -->\n<title>Meer informatie - Playa Carihuela Appartmenten<\/title>\n<meta name=\"robots\" content=\"index, follow, max-snippet:-1, max-image-preview:large, max-video-preview:-1\" \/>\n<link rel=\"canonical\" href=\"https:\/\/carihuela-playa.com\/pl\/wiecej-informacji\/\" \/>\n<meta property=\"og:locale\" content=\"pl_PL\" \/>\n<meta property=\"og:type\" content=\"article\" \/>\n<meta property=\"og:title\" content=\"Meer informatie - Playa Carihuela Appartmenten\" \/>\n<meta property=\"og:url\" content=\"https:\/\/carihuela-playa.com\/pl\/wiecej-informacji\/\" \/>\n<meta property=\"og:site_name\" content=\"Playa Carihuela Appartmenten\" \/>\n<meta property=\"article:modified_time\" content=\"2026-01-20T16:01:25+00:00\" \/>\n<meta property=\"og:image\" content=\"https:\/\/carihuela-playa.com\/wp-content\/uploads\/sites\/25\/2026\/01\/carihuela-playa-resort-visual-1600-700-1024x683.png\" \/>\n\t<meta property=\"og:image:width\" content=\"1024\" \/>\n\t<meta property=\"og:image:height\" content=\"683\" \/>\n\t<meta property=\"og:image:type\" content=\"image\/png\" \/>\n<meta name=\"twitter:card\" content=\"summary_large_image\" \/>\n<meta name=\"twitter:label1\" content=\"Szacowany czas czytania\" \/>\n\t<meta name=\"twitter:data1\" content=\"2 minuty\" \/>\n<script type=\"application\/ld+json\" class=\"yoast-schema-graph\">{\"@context\":\"https:\\\/\\\/schema.org\",\"@graph\":[{\"@type\":\"WebPage\",\"@id\":\"https:\\\/\\\/carihuela-playa.com\\\/meer-informatie\\\/\",\"url\":\"https:\\\/\\\/carihuela-playa.com\\\/meer-informatie\\\/\",\"name\":\"Meer informatie - Playa Carihuela Appartmenten\",\"isPartOf\":{\"@id\":\"https:\\\/\\\/carihuela-playa.com\\\/#website\"},\"primaryImageOfPage\":{\"@id\":\"https:\\\/\\\/carihuela-playa.com\\\/meer-informatie\\\/#primaryimage\"},\"image\":{\"@id\":\"https:\\\/\\\/carihuela-playa.com\\\/meer-informatie\\\/#primaryimage\"},\"thumbnailUrl\":\"https:\\\/\\\/carihuela-playa.com\\\/wp-content\\\/uploads\\\/sites\\\/25\\\/2026\\\/01\\\/carihuela-playa-resort-visual-1600-700.png\",\"datePublished\":\"2025-01-20T14:08:43+00:00\",\"dateModified\":\"2026-01-20T16:01:25+00:00\",\"breadcrumb\":{\"@id\":\"https:\\\/\\\/carihuela-playa.com\\\/meer-informatie\\\/#breadcrumb\"},\"inLanguage\":\"pl-PL\",\"potentialAction\":[{\"@type\":\"ReadAction\",\"target\":[\"https:\\\/\\\/carihuela-playa.com\\\/meer-informatie\\\/\"]}]},{\"@type\":\"ImageObject\",\"inLanguage\":\"pl-PL\",\"@id\":\"https:\\\/\\\/carihuela-playa.com\\\/meer-informatie\\\/#primaryimage\",\"url\":\"https:\\\/\\\/carihuela-playa.com\\\/wp-content\\\/uploads\\\/sites\\\/25\\\/2026\\\/01\\\/carihuela-playa-resort-visual-1600-700.png\",\"contentUrl\":\"https:\\\/\\\/carihuela-playa.com\\\/wp-content\\\/uploads\\\/sites\\\/25\\\/2026\\\/01\\\/carihuela-playa-resort-visual-1600-700.png\",\"width\":1536,\"height\":1024,\"caption\":\"PRE-LAUNCH Carihuela Playa Resort\"},{\"@type\":\"BreadcrumbList\",\"@id\":\"https:\\\/\\\/carihuela-playa.com\\\/meer-informatie\\\/#breadcrumb\",\"itemListElement\":[{\"@type\":\"ListItem\",\"position\":1,\"name\":\"Home\",\"item\":\"https:\\\/\\\/carihuela-playa.com\\\/\"},{\"@type\":\"ListItem\",\"position\":2,\"name\":\"Meer informatie\"}]},{\"@type\":\"WebSite\",\"@id\":\"https:\\\/\\\/carihuela-playa.com\\\/#website\",\"url\":\"https:\\\/\\\/carihuela-playa.com\\\/\",\"name\":\"Playa Carihuela Appartmenten\",\"description\":\"Pre-Launch - Carihuela Playa - toplocatie Torremolinos\",\"potentialAction\":[{\"@type\":\"SearchAction\",\"target\":{\"@type\":\"EntryPoint\",\"urlTemplate\":\"https:\\\/\\\/carihuela-playa.com\\\/?s={search_term_string}\"},\"query-input\":{\"@type\":\"PropertyValueSpecification\",\"valueRequired\":true,\"valueName\":\"search_term_string\"}}],\"inLanguage\":\"pl-PL\"}]}<\/script>\n<!-- \/ Yoast SEO plugin. -->","yoast_head_json":{"title":"Wi\u0119cej informacji - Apartamenty Playa Carihuela","robots":{"index":"index","follow":"follow","max-snippet":"max-snippet:-1","max-image-preview":"max-image-preview:large","max-video-preview":"max-video-preview:-1"},"canonical":"https:\/\/carihuela-playa.com\/pl\/wiecej-informacji\/","og_locale":"pl_PL","og_type":"article","og_title":"Meer informatie - Playa Carihuela Appartmenten","og_url":"https:\/\/carihuela-playa.com\/pl\/wiecej-informacji\/","og_site_name":"Playa Carihuela Appartmenten","article_modified_time":"2026-01-20T16:01:25+00:00","og_image":[{"width":1024,"height":683,"url":"https:\/\/carihuela-playa.com\/wp-content\/uploads\/sites\/25\/2026\/01\/carihuela-playa-resort-visual-1600-700-1024x683.png","type":"image\/png"}],"twitter_card":"summary_large_image","twitter_misc":{"Szacowany czas czytania":"2 minuty"},"schema":{"@context":"https:\/\/schema.org","@graph":[{"@type":"WebPage","@id":"https:\/\/carihuela-playa.com\/meer-informatie\/","url":"https:\/\/carihuela-playa.com\/meer-informatie\/","name":"Wi\u0119cej informacji - Apartamenty Playa Carihuela","isPartOf":{"@id":"https:\/\/carihuela-playa.com\/#website"},"primaryImageOfPage":{"@id":"https:\/\/carihuela-playa.com\/meer-informatie\/#primaryimage"},"image":{"@id":"https:\/\/carihuela-playa.com\/meer-informatie\/#primaryimage"},"thumbnailUrl":"https:\/\/carihuela-playa.com\/wp-content\/uploads\/sites\/25\/2026\/01\/carihuela-playa-resort-visual-1600-700.png","datePublished":"2025-01-20T14:08:43+00:00","dateModified":"2026-01-20T16:01:25+00:00","breadcrumb":{"@id":"https:\/\/carihuela-playa.com\/meer-informatie\/#breadcrumb"},"inLanguage":"pl-PL","potentialAction":[{"@type":"ReadAction","target":["https:\/\/carihuela-playa.com\/meer-informatie\/"]}]},{"@type":"ImageObject","inLanguage":"pl-PL","@id":"https:\/\/carihuela-playa.com\/meer-informatie\/#primaryimage","url":"https:\/\/carihuela-playa.com\/wp-content\/uploads\/sites\/25\/2026\/01\/carihuela-playa-resort-visual-1600-700.png","contentUrl":"https:\/\/carihuela-playa.com\/wp-content\/uploads\/sites\/25\/2026\/01\/carihuela-playa-resort-visual-1600-700.png","width":1536,"height":1024,"caption":"PRE-LAUNCH Carihuela Playa Resort"},{"@type":"BreadcrumbList","@id":"https:\/\/carihuela-playa.com\/meer-informatie\/#breadcrumb","itemListElement":[{"@type":"ListItem","position":1,"name":"Home","item":"https:\/\/carihuela-playa.com\/"},{"@type":"ListItem","position":2,"name":"Meer informatie"}]},{"@type":"WebSite","@id":"https:\/\/carihuela-playa.com\/#website","url":"https:\/\/carihuela-playa.com\/","name":"Apartamenty Playa Carihuela","description":"Przed startem \u2013 Carihuela Playa \u2013 najlepsza lokalizacja w Torremolinos","potentialAction":[{"@type":"SearchAction","target":{"@type":"EntryPoint","urlTemplate":"https:\/\/carihuela-playa.com\/?s={search_term_string}"},"query-input":{"@type":"PropertyValueSpecification","valueRequired":true,"valueName":"search_term_string"}}],"inLanguage":"pl-PL"}]}},"_links":{"self":[{"href":"https:\/\/carihuela-playa.com\/pl\/wp-json\/wp\/v2\/pages\/3121","targetHints":{"allow":["GET"]}}],"collection":[{"href":"https:\/\/carihuela-playa.com\/pl\/wp-json\/wp\/v2\/pages"}],"about":[{"href":"https:\/\/carihuela-playa.com\/pl\/wp-json\/wp\/v2\/types\/page"}],"author":[{"embeddable":true,"href":"https:\/\/carihuela-playa.com\/pl\/wp-json\/wp\/v2\/users\/1"}],"replies":[{"embeddable":true,"href":"https:\/\/carihuela-playa.com\/pl\/wp-json\/wp\/v2\/comments?post=3121"}],"version-history":[{"count":25,"href":"https:\/\/carihuela-playa.com\/pl\/wp-json\/wp\/v2\/pages\/3121\/revisions"}],"predecessor-version":[{"id":4446,"href":"https:\/\/carihuela-playa.com\/pl\/wp-json\/wp\/v2\/pages\/3121\/revisions\/4446"}],"wp:featuredmedia":[{"embeddable":true,"href":"https:\/\/carihuela-playa.com\/pl\/wp-json\/wp\/v2\/media\/4447"}],"wp:attachment":[{"href":"https:\/\/carihuela-playa.com\/pl\/wp-json\/wp\/v2\/media?parent=3121"}],"curies":[{"name":"wp","href":"https:\/\/api.w.org\/{rel}","templated":true}]}}