{"id":95,"date":"2022-01-27T10:58:29","date_gmt":"2022-01-27T10:58:29","guid":{"rendered":"http:\/\/cognito.mprinsdesign.nl\/?page_id=95"},"modified":"2026-04-27T13:51:10","modified_gmt":"2026-04-27T13:51:10","slug":"kompleks","status":"publish","type":"page","link":"https:\/\/carihuela-playa.com\/pl\/kompleks\/","title":{"rendered":"O\u015brodek wypoczynkowy Carihuela Playa"},"content":{"rendered":"<section class=\"wpb-content-wrapper\"><div  class=\"content_row row page-content vc_row wpb_row  default-style fullwidth\" >\n\t\n\t<div class=\"content_row_wrapper  default\" >\n\t<div id=\"asdasd\" class=\"vc_col-sm-12 wpb_column vc_column_container\" >\n\t<div class=\"vc_column-inner\">\n\t\t<div class=\"wpb_wrapper\" >\n\t\t\t<div class=\"rt_heading_wrapper no-style\">\n\t\t\t\t\t\t<h1 class=\"rt_heading  no-style\"  style=\"font-size:24px;margin-top:24px;margin-bottom:0px;\">Apartamenty Playa Carihuela \u2013 <span class=\"after_h1\">Torremolinos<\/span><\/h1> \n\t\t\t\t\t<\/div><div class=\"vc_empty_space\"   style=\"height: 32px\"><span class=\"vc_empty_space_inner\"><\/span><\/div><div class=\"vc_separator wpb_content_element vc_separator_align_center vc_sep_width_100 vc_sep_style-4 vc_sep_pos_align_center vc_separator_no_text vc_sep_color_grey\" ><span class=\"vc_sep_holder vc_sep_holder_l\"><span class=\"vc_sep_line\"><\/span><\/span><span class=\"vc_sep_holder vc_sep_holder_r\"><span class=\"vc_sep_line\"><\/span><\/span>\n<\/div><div class=\"vc_empty_space\"   style=\"height: 32px\"><span class=\"vc_empty_space_inner\"><\/span><\/div>\n\t<div class=\"wpb_text_column wpb_content_element\" >\n\t\t<div class=\"wpb_wrapper\">\n\t\t\t<div class=\"\" style=\"text-align: center;\">\n<h1 style=\"text-align: left;\"><span style=\"font-weight: 400;\">PRZEDPREMIEROWA CARHUELA<\/span><\/h1>\n<h2 style=\"text-align: left;\"><b>Doskona\u0142a lokalizacja nad morzem<\/b><\/h2>\n<p style=\"text-align: left;\"><span style=\"font-weight: 400;\">Znajduje si\u0119 na Avenida Carlota Alessandri, po prostu <strong>300 metr\u00f3w od pla\u017cy<\/strong> z La Carihuela i kr\u00f3tki spacer od<strong> Przysta\u0144 Puerto Marina<\/strong> Benalmadena<\/span><\/p>\n<h2 style=\"text-align: left;\"><b>Projekt historyczny<\/b><\/h2>\n<p style=\"text-align: left;\"><span style=\"font-weight: 400;\">\u201ePr\u00f3\u017cnia po Meli\u00e1\u201d wreszcie zostaje wype\u0142niona. <strong>unikalny nowo wybudowany kompleks<\/strong> przez <strong>360 luksusowych dom\u00f3w<\/strong> (od 1 do 4 sypialni) na terenie dawnego kultowego hotelu M\u00e9lia\u00a0<\/span><b><\/b><\/p>\n<h2 style=\"text-align: left;\"><b>Inteligentne inwestowanie<\/b><\/h2>\n<p style=\"text-align: left;\"><span style=\"font-weight: 400;\">Wykorzysta\u0107 <strong>ceny przed premier\u0105<\/strong> (szacowana warto\u015b\u0107: 450 000 \u2013 1,6 mln euro). Oczekiwany wzrost warto\u015bci <strong>20% do 30%<\/strong> w fazie budowy ze wzgl\u0119du na niedobory na wybrze\u017cu<\/span><\/p>\n<h2 style=\"text-align: left;\"><b>Rozpoczyna si\u0119 w lutym\/marcu 2026 r.<\/b><\/h2>\n<p style=\"text-align: left;\"><span style=\"font-weight: 400;\">Ten <strong>oficjalna sprzeda\u017c i prezentacja<\/strong> Rozpocz\u0119cie budowy plan\u00f3w pi\u0119ter zaplanowano na luty\/marzec 2026 r. <a href=\"https:\/\/carihuela-playa.com\/pl\/wiecej-informacji\/\"><strong>Zarejestruj si\u0119 teraz<\/strong><\/a> do Listy Mailingowej Przed Otwarciem, dzi\u0119ki czemu uzyskasz pierwszy dost\u0119p do wszystkich informacji i b\u0119dziesz m\u00f3g\u0142 jako pierwszy wybra\u0107 dost\u0119pne apartamenty.\u00a0<\/span><\/p>\n<\/div>\n<div class=\"\">\n<p>&nbsp;<\/p>\n<\/div>\n\n\t\t<\/div>\n\t<\/div>\n<div class=\"vc_separator wpb_content_element vc_separator_align_center vc_sep_width_100 vc_sep_style-4 vc_sep_pos_align_center vc_separator_no_text vc_sep_color_grey\" ><span class=\"vc_sep_holder vc_sep_holder_l\"><span class=\"vc_sep_line\"><\/span><\/span><span class=\"vc_sep_holder vc_sep_holder_r\"><span class=\"vc_sep_line\"><\/span><\/span>\n<\/div>\n\t<div class=\"wpb_text_column wpb_content_element\" >\n\t\t<div class=\"wpb_wrapper\">\n\t\t\t<div class=\"\" style=\"text-align: center;\">\n<h4><\/h4>\n<h4 style=\"text-align: left;\">Zapisz si\u0119 na list\u0119 przedpremierow\u0105<\/h4>\n<ul style=\"text-align: left;\" data-path-to-node=\"27\">\n<li>\n<p data-path-to-node=\"27,0,0\"><b data-path-to-node=\"27,0,0\" data-index-in-node=\"0\">Lokalizacja:<\/b> Ostatnia du\u017ca dzia\u0142ka budowlana w tej popularnej okolicy.<\/p>\n<\/li>\n<li>\n<p data-path-to-node=\"27,1,0\"><span data-path-to-node=\"27,1,0,0\"><b data-path-to-node=\"27,1,0,0\" data-index-in-node=\"0\">Zaleta cenowa:<\/b> Wej\u015bcie w faz\u0119 przedpremierow\u0105 oznacza mo\u017cliwo\u015b\u0107 zakupu po konkurencyjnej cenie. <\/span><span data-path-to-node=\"27,1,0,2\"><span class=\"citation-131\">W miar\u0119 post\u0119pu prac budowlanych spodziewany jest wzrost cen z 20% do 30%<\/span><\/span><span data-path-to-node=\"27,1,0,4\">.<\/span><\/p>\n<\/li>\n<li>\n<p data-path-to-node=\"27,1,0\"><span data-path-to-node=\"27,2,1,0\"><b data-path-to-node=\"27,2,1,0\" data-index-in-node=\"0\"><span class=\"citation-130\">Oferta:<\/span><\/b><span class=\"citation-130\"> 360 luksusowych apartament\u00f3w z 1\u20134 sypialniami<\/span><\/span><span data-path-to-node=\"27,2,1,2\">.<\/span><\/p>\n<\/li>\n<li>\n<p data-path-to-node=\"27,1,0\"><span data-path-to-node=\"27,3,1,0\"><b data-path-to-node=\"27,3,1,0\" data-index-in-node=\"0\"><span class=\"citation-129\">Ceny:<\/span><\/b><span class=\"citation-129\"> Oczekiwane kwoty: od 450 000 do 1,6 mln euro<\/span><\/span><span data-path-to-node=\"27,3,1,2\">.<\/span><\/p>\n<div class=\"source-inline-chip-container ng-star-inserted\"><\/div>\n<\/li>\n<\/ul>\n<p style=\"text-align: left;\" data-path-to-node=\"29\"><span data-path-to-node=\"29,0\"><b data-path-to-node=\"29,0\" data-index-in-node=\"0\"><span class=\"citation-128\">LAUNCH rozpoczyna si\u0119 w czerwcu 2026 r.<\/span><\/b><\/span><span data-path-to-node=\"29,2\">. Obecnie nie ma dost\u0119pnych broszur ani plan\u00f3w pi\u0119ter. Mo\u017cesz jednak zarejestrowa\u0107 si\u0119 tutaj, aby\u2026 <a href=\"https:\/\/carihuela-playa.com\/pl\/wiecej-informacji\/\">Lista mailingowa przedpremierowa<\/a>Gdy tylko deweloper ujawni wszystkie szczeg\u00f3\u0142y (spodziewanie nast\u0105pi to w lutym\/marcu), wy\u015blemy Ci dokumentacj\u0119, zanim b\u0119dzie ona powszechnie dost\u0119pna.<\/span><\/p>\n<p data-path-to-node=\"29\">DO\u0141\u0104CZ DO LISTY MAILINGOWEJ PRZEDPREMIEROWEJ<br \/>\n<a href=\"https:\/\/carihuela-playa.com\/pl\/wiecej-informacji\/\"><img decoding=\"async\" class=\"aligncenter wp-image-4453 size-thumbnail\" src=\"https:\/\/carihuela-playa.com\/wp-content\/uploads\/sites\/25\/2026\/01\/pre-launch-button-150x33.jpg\" alt=\"lista mailingowa przed uruchomieniem\" width=\"150\" height=\"33\" srcset=\"https:\/\/carihuela-playa.com\/wp-content\/uploads\/sites\/25\/2026\/01\/pre-launch-button-150x33.jpg 150w, https:\/\/carihuela-playa.com\/wp-content\/uploads\/sites\/25\/2026\/01\/pre-launch-button-18x3.jpg 18w\" sizes=\"(max-width: 150px) 100vw, 150px\" \/><\/a><\/p>\n<\/div>\n<div class=\"\">\n<p>&nbsp;<\/p>\n<\/div>\n\n\t\t<\/div>\n\t<\/div>\n<div class=\"vc_separator wpb_content_element vc_separator_align_center vc_sep_width_100 vc_sep_style-4 vc_sep_pos_align_center vc_separator_no_text vc_sep_color_grey\" ><span class=\"vc_sep_holder vc_sep_holder_l\"><span class=\"vc_sep_line\"><\/span><\/span><span class=\"vc_sep_holder vc_sep_holder_r\"><span class=\"vc_sep_line\"><\/span><\/span>\n<\/div>\n\t<div class=\"wpb_text_column wpb_content_element\" >\n\t\t<div class=\"wpb_wrapper\">\n\t\t\t<div class=\"\" style=\"text-align: center;\">\n<p>&nbsp;<\/p>\n<h4 style=\"text-align: left;\"><b>Historia dostaje nowe \u017cycie<\/b><\/h4>\n<\/div>\n<p>Pi\u0119ciogwiazdkowy hotel Meli\u00e1 Tres Carabelas zosta\u0142 otwarty w 1962 roku w miejscu przy Avenida Carlota Alessandri.<\/p>\n<div id=\"attachment_4385\" style=\"width: 310px\" class=\"wp-caption aligncenter\"><img fetchpriority=\"high\" decoding=\"async\" aria-describedby=\"caption-attachment-4385\" class=\"wp-image-4385 size-medium\" src=\"https:\/\/carihuela-playa.com\/wp-content\/uploads\/sites\/25\/2026\/01\/Hotel-Tres-Carabelas-Melia-300x236.jpg\" alt=\"dawny Hotel Tres Carabelas \/ Hotel M\u00e9lia staje si\u0119 luksusowym kompleksem mieszkalnym\" width=\"300\" height=\"236\" srcset=\"https:\/\/carihuela-playa.com\/wp-content\/uploads\/sites\/25\/2026\/01\/Hotel-Tres-Carabelas-Melia-300x236.jpg 300w, https:\/\/carihuela-playa.com\/wp-content\/uploads\/sites\/25\/2026\/01\/Hotel-Tres-Carabelas-Melia-15x12.jpg 15w, https:\/\/carihuela-playa.com\/wp-content\/uploads\/sites\/25\/2026\/01\/Hotel-Tres-Carabelas-Melia.jpg 748w\" sizes=\"(max-width: 300px) 100vw, 300px\" \/><p id=\"caption-attachment-4385\" class=\"wp-caption-text\">1962 \u2013 Hotel M\u00e9lia Tres Carabelas<\/p><\/div>\n<p>&nbsp;<\/p>\n<p>Pi\u0119ciogwiazdkowy hotel sta\u0142 si\u0119 symbolem ultraluksusowych hoteli w Torremolinos. W 2008 roku Meli\u00e1 Tres Carabelas zosta\u0142 zburzony; po czterdziestu latach do\u017cy\u0142 swoich dni. Nadszed\u0142 czas na nowy symbol nowej ery. Nowy hotel o nazwie Hotel Cruiser, 22-pi\u0119trowy budynek z l\u0105dowiskiem dla helikopter\u00f3w. Ostatecznie jednak ten presti\u017cowy projekt nigdy nie wyszed\u0142 poza faz\u0119 planowania. Pocz\u0105tkowo nie uzyska\u0142 on zgody Rady Andaluzji. A kiedy zrewidowany plan zosta\u0142 zatwierdzony, deweloper zrezygnowa\u0142 z niego z powodu nadmiernych koszt\u00f3w. Pozosta\u0142a po nim ogromna dziura.<\/p>\n<p style=\"text-align: center;\" data-path-to-node=\"29\">DO\u0141\u0104CZ DO LISTY MAILINGOWEJ PRZEDPREMIEROWEJ<br \/>\n<a href=\"https:\/\/carihuela-playa.com\/pl\/wiecej-informacji\/\"><img decoding=\"async\" class=\"aligncenter wp-image-4453 size-thumbnail\" src=\"https:\/\/carihuela-playa.com\/wp-content\/uploads\/sites\/25\/2026\/01\/pre-launch-button-150x33.jpg\" alt=\"lista mailingowa przed uruchomieniem\" width=\"150\" height=\"33\" srcset=\"https:\/\/carihuela-playa.com\/wp-content\/uploads\/sites\/25\/2026\/01\/pre-launch-button-150x33.jpg 150w, https:\/\/carihuela-playa.com\/wp-content\/uploads\/sites\/25\/2026\/01\/pre-launch-button-18x3.jpg 18w\" sizes=\"(max-width: 150px) 100vw, 150px\" \/><\/a><\/p>\n\n\t\t<\/div>\n\t<\/div>\n<div class=\"vc_separator wpb_content_element vc_separator_align_center vc_sep_width_100 vc_sep_style-1 vc_sep_pos_align_center vc_separator_no_text vc_sep_color_grey\" ><span class=\"vc_sep_holder vc_sep_holder_l\"><span class=\"vc_sep_line\"><\/span><\/span><span class=\"vc_sep_holder vc_sep_holder_r\"><span class=\"vc_sep_line\"><\/span><\/span>\n<\/div>\n\t<div class=\"wpb_text_column wpb_content_element\" >\n\t\t<div class=\"wpb_wrapper\">\n\t\t\t<div id=\"attachment_4423\" style=\"width: 310px\" class=\"wp-caption aligncenter\"><img decoding=\"async\" aria-describedby=\"caption-attachment-4423\" class=\"wp-image-4423 size-medium\" src=\"https:\/\/carihuela-playa.com\/wp-content\/uploads\/sites\/25\/2026\/01\/carihuela-playa-resort-visual-300x200.png\" alt=\"Carihuela Playa Resort - wra\u017cenie\" width=\"300\" height=\"200\" srcset=\"https:\/\/carihuela-playa.com\/wp-content\/uploads\/sites\/25\/2026\/01\/carihuela-playa-resort-visual-300x200.png 300w, https:\/\/carihuela-playa.com\/wp-content\/uploads\/sites\/25\/2026\/01\/carihuela-playa-resort-visual-1024x683.png 1024w, https:\/\/carihuela-playa.com\/wp-content\/uploads\/sites\/25\/2026\/01\/carihuela-playa-resort-visual-768x512.png 768w, https:\/\/carihuela-playa.com\/wp-content\/uploads\/sites\/25\/2026\/01\/carihuela-playa-resort-visual-18x12.png 18w, https:\/\/carihuela-playa.com\/wp-content\/uploads\/sites\/25\/2026\/01\/carihuela-playa-resort-visual.png 1536w\" sizes=\"(max-width: 300px) 100vw, 300px\" \/><p id=\"caption-attachment-4423\" class=\"wp-caption-text\">Wra\u017cenie nowego o\u015brodka Carihuela Playa Resort<\/p><\/div>\n\n\t\t<\/div>\n\t<\/div>\n\n\t\t<\/div>\n\t<\/div>\n\t<\/div>\n\n<\/div>\n<\/div>\n\n<div  class=\"content_row row page-content vc_row wpb_row  default-style fullwidth\" style=\"background-color: #bbac8c;\">\n\t\n\t<div class=\"content_row_wrapper  default\" >\n\t<div id=\"asdasd\" class=\"vc_col-sm-12 wpb_column vc_column_container\" >\n\t<div class=\"vc_column-inner\">\n\t\t<div class=\"wpb_wrapper\" >\n\t\t\t<div class=\"rt_heading_wrapper no-style\">\n\t\t\t\t\t\t<h1 class=\"rt_heading  no-style\"  style=\"font-size:24px;margin-top:24px;margin-bottom:0px;\">Przed premier\u0105 \u2013 <span class=\"after_h1 white\">O\u015brodek wypoczynkowy Carihuela Playa<\/span><\/h1> \n\t\t\t\t\t<\/div><div class=\"vc_empty_space\"   style=\"height: 32px\"><span class=\"vc_empty_space_inner\"><\/span><\/div><div class=\"vc_separator wpb_content_element vc_separator_align_center vc_sep_width_100 vc_sep_style-4 vc_sep_pos_align_center vc_separator_no_text vc_sep_color_grey\" ><span class=\"vc_sep_holder vc_sep_holder_l\"><span class=\"vc_sep_line\"><\/span><\/span><span class=\"vc_sep_holder vc_sep_holder_r\"><span class=\"vc_sep_line\"><\/span><\/span>\n<\/div>\n\t<div class=\"wpb_text_column wpb_content_element\" >\n\t\t<div class=\"wpb_wrapper\">\n\t\t\t\t \n\t\t<div  class=\"bullet-list style-1  check\">\n\t\t<ul>\n<li><strong>Bardzo ekskluzywny i luksusowy o\u015brodek mieszkalny w wyj\u0105tkowej lokalizacji<\/strong><\/li>\n<li><strong>TERAZ \u2013 Ekskluzywna faza przedpremierowa<\/strong><\/li>\n<li><strong>Premiera w lutym 2026 r. \u2013 teraz pierwszy wyb\u00f3r<\/strong><\/li>\n<li><strong>Cena orientacyjna: od 450 000 do 1,6 mln euro\u00a0<\/strong><\/li>\n<li><b>M\u0105dra inwestycja \u2013 niedob\u00f3r prowadzi do du\u017cego wzrostu warto\u015bci w trakcie budowy<\/b><\/li>\n<li><b>Doskona\u0142a lokalizacja 300 metr\u00f3w od morza<\/b><\/li>\n<li><strong>Kr\u00f3tki spacer od Puerto Marina Benalm\u00e1dena<\/strong><\/li>\n<\/ul>\n\n\t\t<\/div>\n\t\n\n\t\t<\/div>\n\t<\/div>\n\n\t\t<\/div>\n\t<\/div>\n\t<\/div>\n\n<\/div>\n<\/div>\n\n<div  class=\"content_row row quote-row vc_row wpb_row  default-style fullwidth\" style=\"background-color: #fcfcfc;\">\n\t\n\t<div class=\"content_row_wrapper  fullwidth\" >\n\t<div id=\"asdasd\" class=\"vc_col-sm-12 wpb_column vc_column_container vc_custom_1644925648982\" >\n\t<div class=\"vc_column-inner\">\n\t\t<div class=\"wpb_wrapper\" >\n\t\t\t<div class=\"rt_heading_wrapper style-3\">\n\t\t\t\t\t\t<h4 class=\"rt_heading serif quote-max-width style-3\" >Zarejestruj si\u0119 ju\u017c teraz na li\u015bcie przedpremierowej <a href=\"https:\/\/carihuela-playa.com\/pl\/wiecej-informacji\/\">zapisz si\u0119 na list\u0119 mailingow\u0105<\/a><\/h4> \n\t\t\t\t\t<\/div>\n\t\t<\/div>\n\t<\/div>\n\t<\/div>\n\n<\/div>\n<\/div>\n\n<div  class=\"content_row row vc_row wpb_row  default-style fullwidth\" >\n\t\n\t<div class=\"content_row_wrapper  default\" >\n\t<div id=\"asdasd\" class=\"vc_col-sm-12 wpb_column vc_column_container\" >\n\t<div class=\"vc_column-inner\">\n\t\t<div class=\"wpb_wrapper\" >\n\t\t\t<div class=\"button_wrapper aligncenter\"><a  href=\"\/pl\/wiecej-informacji\/\" target=\"_self\" title=\"&gt; wi\u0119cej informacji\" class=\"button_  style-2 small\">&gt; wi\u0119cej informacji<\/a><\/div>\n\t\t<\/div>\n\t<\/div>\n\t<\/div>\n\n<\/div>\n<\/div>\n<\/section>","protected":false},"excerpt":{"rendered":"<p>\u2026 <a class=\"more-link\" href=\"https:\/\/carihuela-playa.com\/pl\/kompleks\/\">Kontynuuj czytanie<\/a><\/p>","protected":false},"author":1,"featured_media":4395,"parent":0,"menu_order":3,"comment_status":"closed","ping_status":"closed","template":"","meta":{"footnotes":""},"class_list":["post-95","page","type-page","status-publish","has-post-thumbnail","hentry"],"yoast_head":"<!-- This site is optimized with the Yoast SEO plugin v27.6 - https:\/\/yoast.com\/product\/yoast-seo-wordpress\/ -->\n<title>Carihuela Playa Woonresort - Playa Carihuela Appartmenten<\/title>\n<meta name=\"robots\" content=\"index, follow, max-snippet:-1, max-image-preview:large, max-video-preview:-1\" \/>\n<link rel=\"canonical\" href=\"https:\/\/carihuela-playa.com\/pl\/kompleks\/\" \/>\n<meta property=\"og:locale\" content=\"pl_PL\" \/>\n<meta property=\"og:type\" content=\"article\" \/>\n<meta property=\"og:title\" content=\"Carihuela Playa Woonresort - Playa Carihuela Appartmenten\" \/>\n<meta property=\"og:url\" content=\"https:\/\/carihuela-playa.com\/pl\/kompleks\/\" \/>\n<meta property=\"og:site_name\" content=\"Playa Carihuela Appartmenten\" \/>\n<meta property=\"article:modified_time\" content=\"2026-04-27T13:51:10+00:00\" \/>\n<meta property=\"og:image\" content=\"https:\/\/carihuela-playa.com\/wp-content\/uploads\/sites\/25\/2026\/01\/carihuela-playa-resort-torremolinos-header2.jpg\" \/>\n\t<meta property=\"og:image:width\" content=\"1596\" \/>\n\t<meta property=\"og:image:height\" content=\"679\" \/>\n\t<meta property=\"og:image:type\" content=\"image\/jpeg\" \/>\n<meta name=\"twitter:card\" content=\"summary_large_image\" \/>\n<meta name=\"twitter:label1\" content=\"Szacowany czas czytania\" \/>\n\t<meta name=\"twitter:data1\" content=\"5 minut\" \/>\n<script type=\"application\/ld+json\" class=\"yoast-schema-graph\">{\"@context\":\"https:\\\/\\\/schema.org\",\"@graph\":[{\"@type\":\"WebPage\",\"@id\":\"https:\\\/\\\/carihuela-playa.com\\\/het-complex\\\/\",\"url\":\"https:\\\/\\\/carihuela-playa.com\\\/het-complex\\\/\",\"name\":\"Carihuela Playa Woonresort - Playa Carihuela Appartmenten\",\"isPartOf\":{\"@id\":\"https:\\\/\\\/carihuela-playa.com\\\/#website\"},\"primaryImageOfPage\":{\"@id\":\"https:\\\/\\\/carihuela-playa.com\\\/het-complex\\\/#primaryimage\"},\"image\":{\"@id\":\"https:\\\/\\\/carihuela-playa.com\\\/het-complex\\\/#primaryimage\"},\"thumbnailUrl\":\"https:\\\/\\\/carihuela-playa.com\\\/wp-content\\\/uploads\\\/sites\\\/25\\\/2026\\\/01\\\/carihuela-playa-resort-torremolinos-header2.jpg\",\"datePublished\":\"2022-01-27T10:58:29+00:00\",\"dateModified\":\"2026-04-27T13:51:10+00:00\",\"breadcrumb\":{\"@id\":\"https:\\\/\\\/carihuela-playa.com\\\/het-complex\\\/#breadcrumb\"},\"inLanguage\":\"pl-PL\",\"potentialAction\":[{\"@type\":\"ReadAction\",\"target\":[\"https:\\\/\\\/carihuela-playa.com\\\/het-complex\\\/\"]}]},{\"@type\":\"ImageObject\",\"inLanguage\":\"pl-PL\",\"@id\":\"https:\\\/\\\/carihuela-playa.com\\\/het-complex\\\/#primaryimage\",\"url\":\"https:\\\/\\\/carihuela-playa.com\\\/wp-content\\\/uploads\\\/sites\\\/25\\\/2026\\\/01\\\/carihuela-playa-resort-torremolinos-header2.jpg\",\"contentUrl\":\"https:\\\/\\\/carihuela-playa.com\\\/wp-content\\\/uploads\\\/sites\\\/25\\\/2026\\\/01\\\/carihuela-playa-resort-torremolinos-header2.jpg\",\"width\":1596,\"height\":679,\"caption\":\"Newbuild - Torremolinos - Carihuela Playa\"},{\"@type\":\"BreadcrumbList\",\"@id\":\"https:\\\/\\\/carihuela-playa.com\\\/het-complex\\\/#breadcrumb\",\"itemListElement\":[{\"@type\":\"ListItem\",\"position\":1,\"name\":\"Home\",\"item\":\"https:\\\/\\\/carihuela-playa.com\\\/\"},{\"@type\":\"ListItem\",\"position\":2,\"name\":\"Carihuela Playa Woonresort\"}]},{\"@type\":\"WebSite\",\"@id\":\"https:\\\/\\\/carihuela-playa.com\\\/#website\",\"url\":\"https:\\\/\\\/carihuela-playa.com\\\/\",\"name\":\"Playa Carihuela Appartmenten\",\"description\":\"Pre-Launch - Carihuela Playa - toplocatie Torremolinos\",\"potentialAction\":[{\"@type\":\"SearchAction\",\"target\":{\"@type\":\"EntryPoint\",\"urlTemplate\":\"https:\\\/\\\/carihuela-playa.com\\\/?s={search_term_string}\"},\"query-input\":{\"@type\":\"PropertyValueSpecification\",\"valueRequired\":true,\"valueName\":\"search_term_string\"}}],\"inLanguage\":\"pl-PL\"}]}<\/script>\n<!-- \/ Yoast SEO plugin. -->","yoast_head_json":{"title":"O\u015brodek wypoczynkowy Carihuela Playa Residential Resort - Apartamenty Playa Carihuela","robots":{"index":"index","follow":"follow","max-snippet":"max-snippet:-1","max-image-preview":"max-image-preview:large","max-video-preview":"max-video-preview:-1"},"canonical":"https:\/\/carihuela-playa.com\/pl\/kompleks\/","og_locale":"pl_PL","og_type":"article","og_title":"Carihuela Playa Woonresort - Playa Carihuela Appartmenten","og_url":"https:\/\/carihuela-playa.com\/pl\/kompleks\/","og_site_name":"Playa Carihuela Appartmenten","article_modified_time":"2026-04-27T13:51:10+00:00","og_image":[{"width":1596,"height":679,"url":"https:\/\/carihuela-playa.com\/wp-content\/uploads\/sites\/25\/2026\/01\/carihuela-playa-resort-torremolinos-header2.jpg","type":"image\/jpeg"}],"twitter_card":"summary_large_image","twitter_misc":{"Szacowany czas czytania":"5 minut"},"schema":{"@context":"https:\/\/schema.org","@graph":[{"@type":"WebPage","@id":"https:\/\/carihuela-playa.com\/het-complex\/","url":"https:\/\/carihuela-playa.com\/het-complex\/","name":"O\u015brodek wypoczynkowy Carihuela Playa Residential Resort - Apartamenty Playa Carihuela","isPartOf":{"@id":"https:\/\/carihuela-playa.com\/#website"},"primaryImageOfPage":{"@id":"https:\/\/carihuela-playa.com\/het-complex\/#primaryimage"},"image":{"@id":"https:\/\/carihuela-playa.com\/het-complex\/#primaryimage"},"thumbnailUrl":"https:\/\/carihuela-playa.com\/wp-content\/uploads\/sites\/25\/2026\/01\/carihuela-playa-resort-torremolinos-header2.jpg","datePublished":"2022-01-27T10:58:29+00:00","dateModified":"2026-04-27T13:51:10+00:00","breadcrumb":{"@id":"https:\/\/carihuela-playa.com\/het-complex\/#breadcrumb"},"inLanguage":"pl-PL","potentialAction":[{"@type":"ReadAction","target":["https:\/\/carihuela-playa.com\/het-complex\/"]}]},{"@type":"ImageObject","inLanguage":"pl-PL","@id":"https:\/\/carihuela-playa.com\/het-complex\/#primaryimage","url":"https:\/\/carihuela-playa.com\/wp-content\/uploads\/sites\/25\/2026\/01\/carihuela-playa-resort-torremolinos-header2.jpg","contentUrl":"https:\/\/carihuela-playa.com\/wp-content\/uploads\/sites\/25\/2026\/01\/carihuela-playa-resort-torremolinos-header2.jpg","width":1596,"height":679,"caption":"Newbuild - Torremolinos - Carihuela Playa"},{"@type":"BreadcrumbList","@id":"https:\/\/carihuela-playa.com\/het-complex\/#breadcrumb","itemListElement":[{"@type":"ListItem","position":1,"name":"Home","item":"https:\/\/carihuela-playa.com\/"},{"@type":"ListItem","position":2,"name":"Carihuela Playa Woonresort"}]},{"@type":"WebSite","@id":"https:\/\/carihuela-playa.com\/#website","url":"https:\/\/carihuela-playa.com\/","name":"Apartamenty Playa Carihuela","description":"Przed startem \u2013 Carihuela Playa \u2013 najlepsza lokalizacja w Torremolinos","potentialAction":[{"@type":"SearchAction","target":{"@type":"EntryPoint","urlTemplate":"https:\/\/carihuela-playa.com\/?s={search_term_string}"},"query-input":{"@type":"PropertyValueSpecification","valueRequired":true,"valueName":"search_term_string"}}],"inLanguage":"pl-PL"}]}},"_links":{"self":[{"href":"https:\/\/carihuela-playa.com\/pl\/wp-json\/wp\/v2\/pages\/95","targetHints":{"allow":["GET"]}}],"collection":[{"href":"https:\/\/carihuela-playa.com\/pl\/wp-json\/wp\/v2\/pages"}],"about":[{"href":"https:\/\/carihuela-playa.com\/pl\/wp-json\/wp\/v2\/types\/page"}],"author":[{"embeddable":true,"href":"https:\/\/carihuela-playa.com\/pl\/wp-json\/wp\/v2\/users\/1"}],"replies":[{"embeddable":true,"href":"https:\/\/carihuela-playa.com\/pl\/wp-json\/wp\/v2\/comments?post=95"}],"version-history":[{"count":70,"href":"https:\/\/carihuela-playa.com\/pl\/wp-json\/wp\/v2\/pages\/95\/revisions"}],"predecessor-version":[{"id":4476,"href":"https:\/\/carihuela-playa.com\/pl\/wp-json\/wp\/v2\/pages\/95\/revisions\/4476"}],"wp:featuredmedia":[{"embeddable":true,"href":"https:\/\/carihuela-playa.com\/pl\/wp-json\/wp\/v2\/media\/4395"}],"wp:attachment":[{"href":"https:\/\/carihuela-playa.com\/pl\/wp-json\/wp\/v2\/media?parent=95"}],"curies":[{"name":"wp","href":"https:\/\/api.w.org\/{rel}","templated":true}]}}